{"id":2129,"date":"2024-05-29T12:20:36","date_gmt":"2024-05-29T10:20:36","guid":{"rendered":"http:\/\/osz.filmbildung-brandenburg.de\/start\/?page_id=2129"},"modified":"2026-02-20T13:42:03","modified_gmt":"2026-02-20T12:42:03","slug":"faq","status":"publish","type":"page","link":"https:\/\/osz-teltow.de\/index.php\/faq\/","title":{"rendered":"FAQ"},"content":{"rendered":"\n<h3 class=\"wp-block-heading alignwide has-text-align-center\">FAQ &#8211; Antworten auf deine Fragen<\/h3>\n\n\n\n<div style=\"height:100px\" aria-hidden=\"true\" class=\"wp-block-spacer\"><\/div>\n\n\n\n<h6 class=\"wp-block-heading has-text-align-left\">Wohnheim<\/h6>\n\n\n\n<details class=\"wp-block-details has-black-color has-text-color has-link-color has-small-font-size wp-elements-9f6739e3d53e0bb3c229e0aa2f872757 is-layout-flow wp-block-details-is-layout-flow\"><summary>Wo bekomme ich einen Antrag f\u00fcr ein Zimmer im Wohnheim?<\/summary>\n<p><a href=\"http:\/\/osz.filmbildung-brandenburg.de\/start\/organisatorisches\/\">Hier.<\/a><\/p>\n<\/details>\n\n\n\n<details class=\"wp-block-details has-small-font-size is-layout-flow wp-block-details-is-layout-flow\"><summary>Kann ich meinen Koffer am Abreisetag irgendwo abstellen?<\/summary>\n<p class=\"has-small-font-size\">Ja, das Sekretariat nimmt deinen Koffer freitags ab 7:00 Uhr entgegen.<\/p>\n<\/details>\n\n\n\n<h6 class=\"wp-block-heading\">Geld<\/h6>\n\n\n\n<details class=\"wp-block-details has-small-font-size is-layout-flow wp-block-details-is-layout-flow\"><summary>Gibt es f\u00fcr Azubis kostensparende Angebote?<\/summary>\n<p>Ja, den Kulturpass f\u00fcr Erm\u00e4\u00dfigungen bei Konzerten, Kino und mehr. Weitere Informationen <a href=\"https:\/\/www.kulturpass.de\/anbietende\">hier<\/a>.<\/p>\n<\/details>\n\n\n\n<h6 class=\"wp-block-heading\">IT<\/h6>\n\n\n\n<ul class=\"wp-block-list\">\n<li><\/li>\n<\/ul>\n\n\n\n<details class=\"wp-block-details has-small-font-size is-layout-flow wp-block-details-is-layout-flow\"><summary>Ich kann mich nicht mehr in die Schulcloud einloggen. Was kann ich tun?<\/summary>\n<p class=\"has-small-font-size\">Informiere deine\/n Klassenlehrer\/in und schicke eine Mail an schulcloud[at]osz-teltow.de.<\/p>\n<\/details>\n\n\n\n<details class=\"wp-block-details has-small-font-size is-layout-flow wp-block-details-is-layout-flow\"><summary>Ich habe mein E-Mail-Passwort vergessen. Was kann ich tun?<\/summary>\n<p class=\"has-small-font-size\">Schicke eine Mail unter Angabe deines Namens an: passwort[at]osz-teltow.de.<\/p>\n<\/details>\n\n\n\n<h6 class=\"wp-block-heading\">Antr\u00e4ge<\/h6>\n\n\n\n<details class=\"wp-block-details has-small-font-size is-layout-flow wp-block-details-is-layout-flow\"><summary>Wo finde ich Antragsformulare f\u00fcr&#8230;<\/summary>\n<p><a href=\"http:\/\/osz.filmbildung-brandenburg.de\/start\/organisatorisches\/\" data-type=\"page\" data-id=\"1729\">Hier.<\/a><\/p>\n<\/details>\n\n\n\n<h6 class=\"wp-block-heading\">Noten<\/h6>\n\n\n\n<details class=\"wp-block-details has-small-font-size is-layout-flow wp-block-details-is-layout-flow\"><summary>Welchen Notendurchschnitt brauche ich, um die Ausbildung zu bestehen?<\/summary>\n<p>In der Regel &#8230;, aber genaue Informationen findest du in der Ausbildungsverordnung f\u00fcr deinen Beruf hier.<\/p>\n<\/details>\n\n\n\n<h6 class=\"wp-block-heading\">Krank<\/h6>\n\n\n\n<details class=\"wp-block-details has-small-font-size is-layout-flow wp-block-details-is-layout-flow\"><summary>Brauche ich einen Krankenschein, wenn ich nur einen Tag fehle?<\/summary>\n<p>Ja.<\/p>\n<\/details>\n","protected":false},"excerpt":{"rendered":"<p>FAQ &#8211; Antworten auf deine Fragen Wohnheim Geld IT Antr\u00e4ge Noten Krank<\/p>\n","protected":false},"author":1,"featured_media":0,"parent":0,"menu_order":0,"comment_status":"closed","ping_status":"closed","template":"template-no-title","meta":{"_themeisle_gutenberg_block_has_review":false,"footnotes":""},"class_list":["post-2129","page","type-page","status-publish","hentry"],"_links":{"self":[{"href":"https:\/\/osz-teltow.de\/index.php\/wp-json\/wp\/v2\/pages\/2129","targetHints":{"allow":["GET"]}}],"collection":[{"href":"https:\/\/osz-teltow.de\/index.php\/wp-json\/wp\/v2\/pages"}],"about":[{"href":"https:\/\/osz-teltow.de\/index.php\/wp-json\/wp\/v2\/types\/page"}],"author":[{"embeddable":true,"href":"https:\/\/osz-teltow.de\/index.php\/wp-json\/wp\/v2\/users\/1"}],"replies":[{"embeddable":true,"href":"https:\/\/osz-teltow.de\/index.php\/wp-json\/wp\/v2\/comments?post=2129"}],"version-history":[{"count":11,"href":"https:\/\/osz-teltow.de\/index.php\/wp-json\/wp\/v2\/pages\/2129\/revisions"}],"predecessor-version":[{"id":2651,"href":"https:\/\/osz-teltow.de\/index.php\/wp-json\/wp\/v2\/pages\/2129\/revisions\/2651"}],"wp:attachment":[{"href":"https:\/\/osz-teltow.de\/index.php\/wp-json\/wp\/v2\/media?parent=2129"}],"curies":[{"name":"wp","href":"https:\/\/api.w.org\/{rel}","templated":true}]}}