{"id":2106,"date":"2024-05-28T13:16:33","date_gmt":"2024-05-28T11:16:33","guid":{"rendered":"http:\/\/osz.filmbildung-brandenburg.de\/start\/?page_id=2106"},"modified":"2025-11-26T19:23:36","modified_gmt":"2025-11-26T18:23:36","slug":"wasserbau","status":"publish","type":"page","link":"https:\/\/osz-teltow.de\/index.php\/wasserbau\/","title":{"rendered":"Wasserbau"},"content":{"rendered":"\n<h3 class=\"wp-block-heading has-text-align-center\">Fachbereich Wasserbau<\/h3>\n\n\n\n<div style=\"height:73px\" aria-hidden=\"true\" class=\"wp-block-spacer\"><\/div>\n\n\n\n<figure class=\"wp-block-image alignwide size-full\"><img loading=\"lazy\" decoding=\"async\" width=\"1024\" height=\"1024\" src=\"https:\/\/osz-teltow.de\/wp-content\/uploads\/2025\/11\/wb_image.png\" alt=\"\" class=\"wp-image-2558\" srcset=\"https:\/\/osz-teltow.de\/wp-content\/uploads\/2025\/11\/wb_image.png 1024w, https:\/\/osz-teltow.de\/wp-content\/uploads\/2025\/11\/wb_image-300x300.png 300w, https:\/\/osz-teltow.de\/wp-content\/uploads\/2025\/11\/wb_image-150x150.png 150w, https:\/\/osz-teltow.de\/wp-content\/uploads\/2025\/11\/wb_image-768x768.png 768w\" sizes=\"auto, (max-width: 1024px) 100vw, 1024px\" \/><\/figure>\n\n\n\n<div id=\"wp-block-themeisle-blocks-advanced-columns-1ef31132\" class=\"wp-block-themeisle-blocks-advanced-columns alignwide has-2-columns has-desktop-equal-layout has-tablet-equal-layout hide-in-mobile has-vertical-unset\"><div class=\"wp-block-themeisle-blocks-advanced-columns-overlay\"><\/div><div class=\"innerblocks-wrap\">\n<div id=\"wp-block-themeisle-blocks-advanced-column-da7dc85f\" class=\"wp-block-themeisle-blocks-advanced-column\">\n<h3 class=\"wp-block-heading\"><strong>WAS MACHEN EIGENTLICH&#8230;?<\/strong><\/h3>\n<\/div>\n\n\n\n<div id=\"wp-block-themeisle-blocks-advanced-column-2f29382b\" class=\"wp-block-themeisle-blocks-advanced-column\">\n<h3 class=\"wp-block-heading\"><strong>Wasserbauer\/innen <\/strong><\/h3>\n\n\n\n<ul class=\"wp-block-list\">\n<li>werden bei der Wartung, Inspektion und Instandsetzung der Bundeswasserstra\u00dfen eingesetzt&nbsp;<\/li>\n\n\n\n<li>sorgen f\u00fcr die bauliche Unterhaltung der Bundeswasserstra\u00dfen und K\u00fcsten, die Sicherung und Bezeichnung des Fahrwassers\/der Fahrrinne f\u00fcr die Schifffahrt und die Inspektion des Gew\u00e4sserbettes durch Messungen (Peilungen)&nbsp;<\/li>\n\n\n\n<li>sind als Eichgehilfe im Schiffseichdienst&nbsp;t\u00e4tig<\/li>\n\n\n\n<li>bedienen und warten die Schleusen<\/li>\n\n\n\n<li>arbeiten als Bauaufseher bei Neubauaufgaben&nbsp;<\/li>\n<\/ul>\n\n\n\n<p><\/p>\n\n\n\n<p><strong>Weiterbildungsm\u00f6glichkeiten<\/strong><\/p>\n\n\n\n<ul class=\"wp-block-list\">\n<li>nach Eignung und beruflicher Fortbildung T\u00e4tigkeit als Vorarbeiter<\/li>\n\n\n\n<li>Wasserbaumeister<\/li>\n\n\n\n<li>Polier &#8211;&nbsp; Fachrichtung Tiefbau<\/li>\n\n\n\n<li>Studium Bauingenieurwesen, Wasser- und Bodenmanagement, Wassertechnologie, Geoinformatik&nbsp;<\/li>\n<\/ul>\n<\/div>\n<\/div><\/div>\n\n\n\n<div class=\"wp-block-group alignwide has-tiny-font-size is-vertical is-content-justification-stretch is-layout-flex wp-container-core-group-is-layout-353c4f5a wp-block-group-is-layout-flex\" style=\"border-radius:0px\">\n<div class=\"wp-block-group has-global-padding is-layout-constrained wp-block-group-is-layout-constrained\">\n<h5 class=\"wp-block-heading\">Was machen eigentlich&#8230;?<\/h5>\n<\/div>\n\n\n\n<div class=\"wp-block-group has-global-padding is-layout-constrained wp-block-group-is-layout-constrained\">\n<h6 class=\"wp-block-heading\">Wasserbauer\/innen<\/h6>\n\n\n\n<ul class=\"wp-block-list\">\n<li>werden bei der Wartung, Inspektion und Instandsetzung der Bundeswasserstra\u00dfen eingesetzt&nbsp;<\/li>\n\n\n\n<li>sorgen f\u00fcr die bauliche Unterhaltung der Bundeswasserstra\u00dfen und K\u00fcsten, die Sicherung und Bezeichnung des Fahrwassers\/der Fahrrinne f\u00fcr die Schifffahrt und die Inspektion des Gew\u00e4sserbettes durch Messungen (Peilungen)&nbsp;<\/li>\n\n\n\n<li>sind als Eichgehilfe im Schiffseichdienst&nbsp;t\u00e4tig<\/li>\n\n\n\n<li>bedienen und warten die Schleusen<\/li>\n\n\n\n<li>arbeiten als Bauaufseher bei Neubauaufgaben&nbsp;<\/li>\n<\/ul>\n\n\n\n<p><\/p>\n\n\n\n<p><strong>Weiterbildungsm\u00f6glichkeiten<\/strong><\/p>\n\n\n\n<ul class=\"wp-block-list\">\n<li>nach Eignung und beruflicher Fortbildung T\u00e4tigkeit als Vorarbeiter<\/li>\n\n\n\n<li>Wasserbaumeister<\/li>\n\n\n\n<li>Polier &#8211;&nbsp; Fachrichtung Tiefbau<\/li>\n\n\n\n<li>Studium Bauingenieurwesen, Wasser- und Bodenmanagement, Wassertechnologie, Geoinformatik<\/li>\n<\/ul>\n<\/div>\n\n\n\n<div id=\"wp-block-themeisle-blocks-advanced-columns-6d6b2542\" class=\"wp-block-themeisle-blocks-advanced-columns alignwide has-1-columns has-desktop-equal-layout has-tablet-equal-layout has-mobile-equal-layout has-vertical-unset\"><div class=\"wp-block-themeisle-blocks-advanced-columns-overlay\"><\/div><div class=\"innerblocks-wrap\">\n<div id=\"wp-block-themeisle-blocks-advanced-column-d0b64815\" class=\"wp-block-themeisle-blocks-advanced-column\"><\/div>\n<\/div><\/div>\n<\/div>\n","protected":false},"excerpt":{"rendered":"<p>Fachbereich Wasserbau Was machen eigentlich&#8230;? Wasserbauer\/innen Weiterbildungsm\u00f6glichkeiten<\/p>\n","protected":false},"author":1,"featured_media":0,"parent":0,"menu_order":0,"comment_status":"closed","ping_status":"closed","template":"template-no-title","meta":{"_themeisle_gutenberg_block_has_review":false,"footnotes":""},"class_list":["post-2106","page","type-page","status-publish","hentry"],"_links":{"self":[{"href":"https:\/\/osz-teltow.de\/index.php\/wp-json\/wp\/v2\/pages\/2106","targetHints":{"allow":["GET"]}}],"collection":[{"href":"https:\/\/osz-teltow.de\/index.php\/wp-json\/wp\/v2\/pages"}],"about":[{"href":"https:\/\/osz-teltow.de\/index.php\/wp-json\/wp\/v2\/types\/page"}],"author":[{"embeddable":true,"href":"https:\/\/osz-teltow.de\/index.php\/wp-json\/wp\/v2\/users\/1"}],"replies":[{"embeddable":true,"href":"https:\/\/osz-teltow.de\/index.php\/wp-json\/wp\/v2\/comments?post=2106"}],"version-history":[{"count":7,"href":"https:\/\/osz-teltow.de\/index.php\/wp-json\/wp\/v2\/pages\/2106\/revisions"}],"predecessor-version":[{"id":2560,"href":"https:\/\/osz-teltow.de\/index.php\/wp-json\/wp\/v2\/pages\/2106\/revisions\/2560"}],"wp:attachment":[{"href":"https:\/\/osz-teltow.de\/index.php\/wp-json\/wp\/v2\/media?parent=2106"}],"curies":[{"name":"wp","href":"https:\/\/api.w.org\/{rel}","templated":true}]}}