{"id":1809,"date":"2023-11-15T22:10:59","date_gmt":"2023-11-15T21:10:59","guid":{"rendered":"http:\/\/osz.filmbildung-brandenburg.de\/start\/?page_id=1809"},"modified":"2024-05-28T09:35:28","modified_gmt":"2024-05-28T07:35:28","slug":"medien","status":"publish","type":"page","link":"https:\/\/osz-teltow.de\/index.php\/medien\/","title":{"rendered":"Medien"},"content":{"rendered":"\n<h2 class=\"wp-block-heading alignwide has-text-align-center\">fachbereich medien<\/h2>\n\n\n\n<div style=\"height:73px\" aria-hidden=\"true\" class=\"wp-block-spacer\"><\/div>\n\n\n\n<div class=\"wp-block-columns alignwide is-layout-flex wp-container-core-columns-is-layout-28f84493 wp-block-columns-is-layout-flex\">\n<div class=\"wp-block-column is-layout-flow wp-block-column-is-layout-flow\">\n<div id=\"wp-block-themeisle-blocks-slider-452c3951\" class=\"wp-block-themeisle-blocks-slider glide\" data-per-view=\"1\" data-gap=\"0\" data-peek=\"0\" data-autoplay=\"5000\" data-height=\"532px\" data-hide-arrows=\"false\"><div class=\"glide__track\" data-glide-el=\"track\"><div class=\"glide__slides\"><div class=\"wp-block-themeisle-blocks-slider-item-wrapper glide__slide\" tabindex=\"0\"><figure><img decoding=\"async\" class=\"wp-block-themeisle-blocks-slider-item\" src=\"http:\/\/osz.filmbildung-brandenburg.de\/wp-content\/uploads\/2023\/11\/Medien1-scaled.jpeg\" alt=\"\" title=\"\" data-id=\"1814\"\/><\/figure><\/div><div class=\"wp-block-themeisle-blocks-slider-item-wrapper glide__slide\" tabindex=\"0\"><figure><img decoding=\"async\" class=\"wp-block-themeisle-blocks-slider-item\" src=\"http:\/\/osz.filmbildung-brandenburg.de\/wp-content\/uploads\/2023\/11\/Medien2-scaled.jpeg\" alt=\"\" title=\"\" data-id=\"1815\"\/><\/figure><\/div><div class=\"wp-block-themeisle-blocks-slider-item-wrapper glide__slide\" tabindex=\"0\"><figure><img decoding=\"async\" class=\"wp-block-themeisle-blocks-slider-item\" src=\"http:\/\/osz.filmbildung-brandenburg.de\/wp-content\/uploads\/2023\/11\/Medien3-scaled.jpeg\" alt=\"\" title=\"\" data-id=\"1816\"\/><\/figure><\/div><div class=\"wp-block-themeisle-blocks-slider-item-wrapper glide__slide\" tabindex=\"0\"><figure><img decoding=\"async\" class=\"wp-block-themeisle-blocks-slider-item\" src=\"http:\/\/osz.filmbildung-brandenburg.de\/wp-content\/uploads\/2023\/11\/Medien4-scaled.jpeg\" alt=\"\" title=\"\" data-id=\"1817\"\/><\/figure><\/div><div class=\"wp-block-themeisle-blocks-slider-item-wrapper glide__slide\" tabindex=\"0\"><figure><img decoding=\"async\" class=\"wp-block-themeisle-blocks-slider-item\" src=\"http:\/\/osz.filmbildung-brandenburg.de\/wp-content\/uploads\/2023\/11\/Medien5-scaled.jpeg\" alt=\"\" title=\"\" data-id=\"1818\"\/><\/figure><\/div><div class=\"wp-block-themeisle-blocks-slider-item-wrapper glide__slide\" tabindex=\"0\"><figure><img decoding=\"async\" class=\"wp-block-themeisle-blocks-slider-item\" src=\"http:\/\/osz.filmbildung-brandenburg.de\/wp-content\/uploads\/2023\/11\/Medien6-scaled.jpeg\" alt=\"\" title=\"\" data-id=\"1819\"\/><\/figure><\/div><div class=\"wp-block-themeisle-blocks-slider-item-wrapper glide__slide\" tabindex=\"0\"><figure><img decoding=\"async\" class=\"wp-block-themeisle-blocks-slider-item\" src=\"http:\/\/osz.filmbildung-brandenburg.de\/wp-content\/uploads\/2023\/11\/Medien7.jpg\" alt=\"\" title=\"\" data-id=\"1820\"\/><\/figure><\/div><div class=\"wp-block-themeisle-blocks-slider-item-wrapper glide__slide\" tabindex=\"0\"><figure><img decoding=\"async\" class=\"wp-block-themeisle-blocks-slider-item\" src=\"http:\/\/osz.filmbildung-brandenburg.de\/wp-content\/uploads\/2023\/11\/Medien8.jpg\" alt=\"\" title=\"\" data-id=\"1821\"\/><\/figure><\/div><\/div><div class=\"glide__bullets\" data-glide-el=\"controls[nav]\"><button class=\"glide__bullet\" data-glide-dir=\"=0\"><\/button><button class=\"glide__bullet\" data-glide-dir=\"=1\"><\/button><button class=\"glide__bullet\" data-glide-dir=\"=2\"><\/button><button class=\"glide__bullet\" data-glide-dir=\"=3\"><\/button><button class=\"glide__bullet\" data-glide-dir=\"=4\"><\/button><button class=\"glide__bullet\" data-glide-dir=\"=5\"><\/button><button class=\"glide__bullet\" data-glide-dir=\"=6\"><\/button><button class=\"glide__bullet\" data-glide-dir=\"=7\"><\/button><\/div><\/div><\/div>\n<\/div>\n<\/div>\n\n\n\n<div style=\"height:61px\" aria-hidden=\"true\" class=\"wp-block-spacer\"><\/div>\n\n\n\n<div id=\"wp-block-themeisle-blocks-advanced-columns-1ef31132\" class=\"wp-block-themeisle-blocks-advanced-columns alignwide has-2-columns has-desktop-equal-layout has-tablet-equal-layout hide-in-mobile has-vertical-unset\"><div class=\"wp-block-themeisle-blocks-advanced-columns-overlay\"><\/div><div class=\"innerblocks-wrap\">\n<div id=\"wp-block-themeisle-blocks-advanced-column-da7dc85f\" class=\"wp-block-themeisle-blocks-advanced-column\">\n<h3 class=\"wp-block-heading\"><strong>WAS MACHEN EIGENTLICH&#8230;?<\/strong><\/h3>\n<\/div>\n\n\n\n<div id=\"wp-block-themeisle-blocks-advanced-column-2f29382b\" class=\"wp-block-themeisle-blocks-advanced-column\">\n<h3 class=\"wp-block-heading\"><strong>Mediengestalter\/innen Bild\/Ton<\/strong><\/h3>\n\n\n\n<ul class=\"wp-block-list\">\n<li>recherchieren professionell<\/li>\n\n\n\n<li>produzieren im Team die Gestaltung von eigenst\u00e4ndig geplanten Ton-und Medienproduktionen, dazugeh\u00f6rige Produktionsunterlagen nach Redaktionsvorgaben<\/li>\n\n\n\n<li>erstellen vor Ort, teilweise live, Ton- und Bildaufnahmen, die sie in der Postproduktion auswerten und nach einem dramaturgischen Konzept schneiden und montieren<\/li>\n\n\n\n<li>sichern und archivieren ihre Projekt- und Mediendaten,<\/li>\n\n\n\n<li>analysieren Arbeitsauftr\u00e4ge, planen Arbeitsabl\u00e4ufe, notwendige Kosten und Termine im Produktionsteam&nbsp;<\/li>\n\n\n\n<li>w\u00e4hlen Aufnahmeger\u00e4te, \u00dcbertragungs- und Kommunikationseinrichtungen fachgerecht aus<\/li>\n\n\n\n<li>k\u00f6nnen Produktionskomponenten vernetzen und medientechnische Systeme und Produktionsmittel bedienen<\/li>\n\n\n\n<li>schneiden und montieren Material, um z.B. Fernsehbeitr\u00e4ge oder Videos herzustellen<\/li>\n\n\n\n<li>gestalten Bildeffekte oder fertigen Grafiken und Schriften nach technischen und gestalterischen Vorgaben&nbsp;<\/li>\n\n\n\n<li>sichern und archivieren Projekt- und Mediendaten<\/li>\n<\/ul>\n\n\n\n<p><\/p>\n\n\n\n<p><strong>Weiterbildungsm\u00f6glichkeiten<\/strong><\/p>\n\n\n\n<ul class=\"wp-block-list\">\n<li>Medienfachwirt<\/li>\n\n\n\n<li>Studium, z.B. Mediendesign<\/li>\n\n\n\n<li>Ausbilder\/in<\/li>\n<\/ul>\n\n\n\n<h3 class=\"wp-block-heading\"><strong>Fachkraft f\u00fcr Veranstaltungstechnik<\/strong><\/h3>\n\n\n\n<ul class=\"wp-block-list\">\n<li>sorgen f\u00fcr den Auf- und Abbau von B\u00fchnenaufbauten, Ton- und Beleuchtung, Projektionsfl\u00e4chen sowie Spezialeffekten bei Veranstaltungen und Events<\/li>\n\n\n\n<li>planen und realisieren (auch auf Kundenwunsch) beispielsweise Kongresse, Open-Air-Konzerte, Theater- und Kulturevents, private Feiern an verschiedenen Veranstaltungsorten<\/li>\n\n\n\n<li>beraten und beachten die rechtlichen Grundlagen und Voraussetzungen sowie die Infrastruktur f\u00fcr die sichere Durchf\u00fchrung der Veranstaltungen<\/li>\n\n\n\n<li>erstellen u.a. Beleuchtungs-, Beschallungs-, Medien- und Kostenpl\u00e4ne<\/li>\n\n\n\n<li>organisieren Genehmigungen<\/li>\n\n\n\n<li>sichern und pr\u00fcfen die Energieversorgung<\/li>\n\n\n\n<li>richten Steuerungen und IT-Netzwerke ein<\/li>\n\n\n\n<li>f\u00fchren Proben nach dem Technikaufbau durch<\/li>\n\n\n\n<li>bedienen w\u00e4hrend der Veranstaltung z.B. Lichtstellpulte, Tonmischpulte, Kameras, Ger\u00e4te f\u00fcr Spezialeffekte oder B\u00fchneneinrichtungen wie Dreh- und Hebeb\u00fchnen<\/li>\n\n\n\n<li>sorgen nach Ende der Veranstaltung f\u00fcr Abbauarbeiten, den ordnungsgem\u00e4\u00dfen Transport und die Lagerung des Veranstaltungsequipments<\/li>\n<\/ul>\n\n\n\n<p><\/p>\n\n\n\n<p><strong>Weiterbildungsm\u00f6glichkeiten<\/strong><\/p>\n\n\n\n<ul class=\"wp-block-list\">\n<li>Meister\/in f\u00fcr Veranstaltungstechnik<\/li>\n\n\n\n<li>Studium, z.B.&nbsp; Eventmanagement, Tonmeister (bei Vorlage Hochschulreife oder Meister\/in-Abschluss)<\/li>\n\n\n\n<li>Ausbilder\/in<\/li>\n<\/ul>\n<\/div>\n<\/div><\/div>\n\n\n\n<div style=\"height:50px\" aria-hidden=\"true\" class=\"wp-block-spacer\"><\/div>\n\n\n\n<div class=\"wp-block-group alignwide has-tiny-font-size is-vertical is-layout-flex wp-container-core-group-is-layout-fe9cc265 wp-block-group-is-layout-flex\">\n<div class=\"wp-block-group has-global-padding is-layout-constrained wp-block-group-is-layout-constrained\">\n<h5 class=\"wp-block-heading\">Was machen eigentlich&#8230;?<\/h5>\n<\/div>\n\n\n\n<div class=\"wp-block-group has-global-padding is-layout-constrained wp-block-group-is-layout-constrained\">\n<h6 class=\"wp-block-heading\">Mediengestalter\/innen Bild\/Ton<\/h6>\n<\/div>\n\n\n\n<ul class=\"wp-block-list\">\n<li>recherchieren professionell<\/li>\n\n\n\n<li>produzieren im Team die Gestaltung von eigenst\u00e4ndig geplanten Ton-und Medienproduktionen, dazugeh\u00f6rige Produktionsunterlagen nach Redaktionsvorgaben<\/li>\n\n\n\n<li>erstellen vor Ort, teilweise live, Ton- und Bildaufnahmen, die sie in der Postproduktion auswerten und nach einem dramaturgischen Konzept schneiden und montieren<\/li>\n\n\n\n<li>sichern und archivieren ihre Projekt- und Mediendaten<\/li>\n\n\n\n<li>analysieren Arbeitsauftr\u00e4ge, planen Arbeitsabl\u00e4ufe, notwendige Kosten und Termine im Produktionsteam&nbsp;<\/li>\n\n\n\n<li>w\u00e4hlen Aufnahmeger\u00e4te, \u00dcbertragungs- und Kommunikationseinrichtungen fachgerecht aus<\/li>\n\n\n\n<li>k\u00f6nnen Produktionskomponenten vernetzen und medientechnische Systeme und Produktionsmittel bedienen<\/li>\n\n\n\n<li>schneiden und montieren Material, um z.B. Fernsehbeitr\u00e4ge oder Videos herzustellen<\/li>\n\n\n\n<li>gestalten Bildeffekte oder fertigen Grafiken und Schriften nach technischen und gestalterischen Vorgaben&nbsp;<\/li>\n\n\n\n<li>sichern und archivieren Projekt- und Mediendaten<\/li>\n<\/ul>\n\n\n\n<p><\/p>\n\n\n\n<p><strong>Weiterbildungsm\u00f6glichkeiten<\/strong><\/p>\n\n\n\n<ul class=\"wp-block-list\">\n<li>Medienfachwirt<\/li>\n\n\n\n<li>Studium, z.B. Mediendesign<\/li>\n\n\n\n<li>Ausbilder\/in<\/li>\n<\/ul>\n\n\n\n<p><\/p>\n\n\n\n<h6 class=\"wp-block-heading\"><strong>Fachkraft f\u00fcr Veranstaltungstechnik<\/strong><\/h6>\n\n\n\n<ul class=\"wp-block-list\">\n<li>sorgen f\u00fcr den Auf- und Abbau von B\u00fchnenaufbauten, Ton- und Beleuchtung, Projektionsfl\u00e4chen sowie Spezialeffekten bei Veranstaltungen und Events<\/li>\n\n\n\n<li>planen und realisieren (auch auf Kundenwunsch) beispielsweise Kongresse, Open-Air-Konzerte, Theater- und Kulturevents, private Feiern an verschiedenen Veranstaltungsorten<\/li>\n\n\n\n<li>beraten und beachten die rechtlichen Grundlagen und Voraussetzungen sowie die Infrastruktur f\u00fcr die sichere Durchf\u00fchrung der Veranstaltungen<\/li>\n\n\n\n<li>erstellen u.a. Beleuchtungs-, Beschallungs-, Medien- und Kostenpl\u00e4ne<\/li>\n\n\n\n<li>organisieren Genehmigungen<\/li>\n\n\n\n<li>sichern und pr\u00fcfen die Energieversorgung<\/li>\n\n\n\n<li>richten Steuerungen und IT-Netzwerke ein<\/li>\n\n\n\n<li>f\u00fchren Proben nach dem Technikaufbau durch<\/li>\n\n\n\n<li>bedienen w\u00e4hrend der Veranstaltung z.B. Lichtstellpulte, Tonmischpulte, Kameras, Ger\u00e4te f\u00fcr Spezialeffekte oder B\u00fchneneinrichtungen wie Dreh- und Hebeb\u00fchnen<\/li>\n\n\n\n<li>sorgen nach Ende der Veranstaltung f\u00fcr Abbauarbeiten, den ordnungsgem\u00e4\u00dfen Transport und die Lagerung des Veranstaltungsequipments<\/li>\n<\/ul>\n\n\n\n<p><\/p>\n\n\n\n<p><strong>Weiterbildungsm\u00f6glichkeiten<\/strong><\/p>\n\n\n\n<ul class=\"wp-block-list\">\n<li>Meister\/in f\u00fcr Veranstaltungstechnik<\/li>\n\n\n\n<li>Studium, z.B.&nbsp; Eventmanagement, Tonmeister (bei Vorlage Hochschulreife oder Meister\/in-Abschluss)<\/li>\n\n\n\n<li>Ausbilder\/in<\/li>\n<\/ul>\n\n\n\n<div id=\"wp-block-themeisle-blocks-advanced-columns-6d6b2542\" class=\"wp-block-themeisle-blocks-advanced-columns alignwide has-1-columns has-desktop-equal-layout has-tablet-equal-layout has-mobile-equal-layout has-vertical-unset\"><div class=\"wp-block-themeisle-blocks-advanced-columns-overlay\"><\/div><div class=\"innerblocks-wrap\">\n<div id=\"wp-block-themeisle-blocks-advanced-column-d0b64815\" class=\"wp-block-themeisle-blocks-advanced-column\"><\/div>\n<\/div><\/div>\n<\/div>\n\n\n\n<div class=\"wp-block-columns alignwide is-layout-flex wp-container-core-columns-is-layout-28f84493 wp-block-columns-is-layout-flex\">\n<div class=\"wp-block-column is-layout-flow wp-block-column-is-layout-flow\">\n<div id=\"wp-block-themeisle-blocks-flip-f9b94e51\" class=\"wp-block-themeisle-blocks-flip anim flipY\"><div class=\"o-flip-inner\"><div class=\"o-flip-front\"><div class=\"o-flip-content\"><h3>Mediengestalter\/in Bild und Ton<\/h3><p>Werde Profi im Medienbereich! Egal, ob Fernsehen, Streaming, Radio oder Werbung &#8211; lass&#8216; deiner Kreativit\u00e4t freien Lauf! Lust auf einen Einblick?<\/p><\/div><\/div><div class=\"o-flip-back\">\n<h5 class=\"wp-block-heading has-large-font-size\">Livesendung zum Thema KI<\/h5>\n\n\n\n<p class=\"has-small-font-size\">Im 3. Jahr erstellen die Azubis eine eigene Magazinsendung. Schau rein&#8230;<\/p>\n\n\n\n<div class=\"wp-block-buttons is-content-justification-center is-layout-flex wp-container-core-buttons-is-layout-a89b3969 wp-block-buttons-is-layout-flex\">\n<div class=\"wp-block-button is-style-fill\"><a class=\"wp-block-button__link wp-element-button\" href=\"https:\/\/youtu.be\/9R2h76yjY3I?si=zdqeNRjBRbsOcu7o\">praxis am OSZ<\/a><\/div>\n<\/div>\n<\/div><\/div><\/div>\n<\/div>\n\n\n\n<div class=\"wp-block-column is-layout-flow wp-block-column-is-layout-flow\">\n<div id=\"wp-block-themeisle-blocks-flip-d105455a\" class=\"wp-block-themeisle-blocks-flip anim flipY\"><div class=\"o-flip-inner\"><div class=\"o-flip-front\"><div class=\"o-flip-content\"><h3>Fachkraft f\u00fcr Veranstaltungstechnik<\/h3><p>Die B\u00fchne ist dein Leben? Musik, Theater, Lichtshow und das ganz gro\u00dfe Event! Du stehst an den Reglern! Lust auf einen Einblick?<br><\/p><\/div><\/div><div class=\"o-flip-back\">\n<h5 class=\"wp-block-heading has-large-font-size\">In Concert <\/h5>\n\n\n\n<p class=\"has-small-font-size\">F\u00fcr das Abschlussprojekt kreieren die Auszubildenden der Veranstaltungstechnik eine eigene Show. Schau rein&#8230;<\/p>\n\n\n\n<div class=\"wp-block-buttons is-content-justification-center is-layout-flex wp-container-core-buttons-is-layout-a89b3969 wp-block-buttons-is-layout-flex\">\n<div class=\"wp-block-button is-style-fill\"><a class=\"wp-block-button__link wp-element-button\" href=\"https:\/\/youtu.be\/R-qDBwCDGrU?si=aMgiJLUwKsNBTKJZ\">PRAXIS AM OSZ<\/a><\/div>\n<\/div>\n<\/div><\/div><\/div>\n<\/div>\n<\/div>\n\n\n\n<p><\/p>\n","protected":false},"excerpt":{"rendered":"<p>fachbereich medien Was machen eigentlich&#8230;? Mediengestalter\/innen Bild\/Ton Weiterbildungsm\u00f6glichkeiten Fachkraft f\u00fcr Veranstaltungstechnik Weiterbildungsm\u00f6glichkeiten<\/p>\n","protected":false},"author":1,"featured_media":0,"parent":0,"menu_order":0,"comment_status":"closed","ping_status":"closed","template":"template-no-title","meta":{"_themeisle_gutenberg_block_has_review":false,"footnotes":""},"class_list":["post-1809","page","type-page","status-publish","hentry"],"_links":{"self":[{"href":"https:\/\/osz-teltow.de\/index.php\/wp-json\/wp\/v2\/pages\/1809","targetHints":{"allow":["GET"]}}],"collection":[{"href":"https:\/\/osz-teltow.de\/index.php\/wp-json\/wp\/v2\/pages"}],"about":[{"href":"https:\/\/osz-teltow.de\/index.php\/wp-json\/wp\/v2\/types\/page"}],"author":[{"embeddable":true,"href":"https:\/\/osz-teltow.de\/index.php\/wp-json\/wp\/v2\/users\/1"}],"replies":[{"embeddable":true,"href":"https:\/\/osz-teltow.de\/index.php\/wp-json\/wp\/v2\/comments?post=1809"}],"version-history":[{"count":49,"href":"https:\/\/osz-teltow.de\/index.php\/wp-json\/wp\/v2\/pages\/1809\/revisions"}],"predecessor-version":[{"id":2096,"href":"https:\/\/osz-teltow.de\/index.php\/wp-json\/wp\/v2\/pages\/1809\/revisions\/2096"}],"wp:attachment":[{"href":"https:\/\/osz-teltow.de\/index.php\/wp-json\/wp\/v2\/media?parent=1809"}],"curies":[{"name":"wp","href":"https:\/\/api.w.org\/{rel}","templated":true}]}}