{"id":1729,"date":"2023-10-21T17:02:14","date_gmt":"2023-10-21T15:02:14","guid":{"rendered":"http:\/\/osz.filmbildung-brandenburg.de\/start\/?page_id=1729"},"modified":"2026-03-19T12:37:23","modified_gmt":"2026-03-19T11:37:23","slug":"organisatorisches","status":"publish","type":"page","link":"https:\/\/osz-teltow.de\/index.php\/organisatorisches\/","title":{"rendered":"Organisatorisches"},"content":{"rendered":"\n<h3 class=\"wp-block-heading alignwide has-text-align-center\">Organisatorisches<\/h3>\n\n\n\n<div style=\"height:72px\" aria-hidden=\"true\" class=\"wp-block-spacer\"><\/div>\n\n\n\n<div id=\"wp-block-themeisle-blocks-accordion-62a41d08\" class=\"wp-block-themeisle-blocks-accordion exclusive\">\n<details class=\"wp-block-themeisle-blocks-accordion-item\"><summary class=\"wp-block-themeisle-blocks-accordion-item__title\"><div>Aktuelle Stundenpl\u00e4ne werden \u00fcber WebUntis abgerufen<\/div><\/summary><div class=\"wp-block-themeisle-blocks-accordion-item__content\">\n<p><\/p>\n<\/div><\/details>\n\n\n\n<details class=\"wp-block-themeisle-blocks-accordion-item\"><summary class=\"wp-block-themeisle-blocks-accordion-item__title\"><div>Schuljahresablaufpl\u00e4ne<\/div><\/summary><div class=\"wp-block-themeisle-blocks-accordion-item__content\">\n<div class=\"wp-block-file has-background\" style=\"background-color:#abb7c240\"><a id=\"wp-block-file--media-218b1eae-eddf-439f-a4e6-27c2ba8a6a70\" href=\"https:\/\/osz-teltow.de\/wp-content\/uploads\/2025\/03\/gesamt_a1_25_26.pdf\">Gesamtplan Abt. 1 | 2025\/26<\/a><\/div>\n\n\n\n<div class=\"wp-block-file has-background\" style=\"background-color:#abb7c240\"><a id=\"wp-block-file--media-c6bb4f0d-cbce-4780-a0e5-5fcd59cc8e59\" href=\"https:\/\/osz-teltow.de\/wp-content\/uploads\/2026\/03\/gesamt_a1_26_27.pdf\">Gesamtplan Abt. 1 | 2026\/27<\/a><\/div>\n\n\n\n<div class=\"wp-block-file has-background\" style=\"background-color:#abb7c240\"><a id=\"wp-block-file--media-63fb1997-2749-4616-be8d-ad935f96b50a\" href=\"https:\/\/osz-teltow.de\/wp-content\/uploads\/2025\/03\/gesamt_a2_25_26.pdf\">Gesamtplan Abt. 2 | 2025\/26<\/a><\/div>\n\n\n\n<div class=\"wp-block-file has-background\" style=\"background-color:#abb7c240\"><a id=\"wp-block-file--media-61a0cf82-8b33-4835-9f64-620ead7b090a\" href=\"https:\/\/osz-teltow.de\/wp-content\/uploads\/2026\/03\/gesamt_a2_26_27.pdf\">Gesamtplan Abt. 2 | 2026\/27<\/a><\/div>\n\n\n\n<div class=\"wp-block-file has-background\" style=\"background-color:#fcb90059\"><a id=\"wp-block-file--media-216c2ee3-95c3-43ca-984a-76cc00a1d579\" href=\"https:\/\/osz-teltow.de\/wp-content\/uploads\/2025\/03\/eeg_25_26.pdf\">EEG 2025\/26<\/a><\/div>\n\n\n\n<div class=\"wp-block-file has-background\" style=\"background-color:#fcb90059\"><a id=\"wp-block-file--media-2da4ed1e-3b75-4d96-a75a-fb766d67987e\" href=\"https:\/\/osz-teltow.de\/wp-content\/uploads\/2026\/03\/eeg_26_27.pdf\">EEG 2026\/27<\/a><\/div>\n\n\n\n<div class=\"wp-block-file has-background\" style=\"background-color:#fcb90059\"><a id=\"wp-block-file--media-71d51e19-0712-40d0-811c-ee12817fca8e\" href=\"https:\/\/osz-teltow.de\/wp-content\/uploads\/2025\/03\/ife_25_26.pdf\">IFE 2025\/26<\/a><\/div>\n\n\n\n<div class=\"wp-block-file has-background\" style=\"background-color:#fcb90059\"><a id=\"wp-block-file--media-e860ff7e-4d54-4dc5-96a6-54d72b80d431\" href=\"https:\/\/osz-teltow.de\/wp-content\/uploads\/2026\/03\/ife_26_27.pdf\">IFE 2026\/27<\/a><\/div>\n\n\n\n<div class=\"wp-block-file has-background\" style=\"background-color:#8dd2fc96\"><a id=\"wp-block-file--media-6ab47451-499a-4977-9877-c60e0c431a54\" href=\"http:\/\/osz-teltow.de\/wp-content\/uploads\/2025\/03\/se-fi_25_26.pdf\">IT 2025\/26<\/a><\/div>\n\n\n\n<div class=\"wp-block-file has-background\" style=\"background-color:#8dd2fc96\"><a id=\"wp-block-file--media-af8253cd-8422-4f54-9c70-160580a55499\" href=\"https:\/\/osz-teltow.de\/wp-content\/uploads\/2026\/03\/it_26_27.pdf\">IT 2026\/27<\/a><\/div>\n\n\n\n<div class=\"wp-block-file has-background\" style=\"background-color:#7bdbb5a6\"><a id=\"wp-block-file--media-e8bd045f-b7e0-4324-b020-dec6c6eeb078\" href=\"http:\/\/osz-teltow.de\/wp-content\/uploads\/2025\/03\/kfz_25_26.pdf\">KFZ 2025\/26<\/a><\/div>\n\n\n\n<div class=\"wp-block-file has-background\" style=\"background-color:#7bdbb5a6\"><a id=\"wp-block-file--media-83e15d24-46ae-4bb2-a791-a7ea4696798f\" href=\"https:\/\/osz-teltow.de\/wp-content\/uploads\/2026\/03\/kfz_26_27.pdf\">KFZ 2026\/27<\/a><\/div>\n\n\n\n<div class=\"wp-block-file has-background\" style=\"background-color:#cf2d2d78\"><a id=\"wp-block-file--media-b0e06869-bc16-4a01-b2b9-eaa853b1b71c\" href=\"http:\/\/osz-teltow.de\/wp-content\/uploads\/2025\/03\/mge_25_26.pdf\">MGE 2025\/26<\/a><\/div>\n\n\n\n<div class=\"wp-block-file has-background\" style=\"background-color:#cf2d2d78\"><a id=\"wp-block-file--media-36d8b0d9-14b6-43cd-854d-b10ded4a2b9a\" href=\"https:\/\/osz-teltow.de\/wp-content\/uploads\/2026\/03\/mge_26_27.pdf\">MGE 2026\/27<\/a><\/div>\n\n\n\n<div class=\"wp-block-file has-background\" style=\"background-color:#fdf478a1\"><a id=\"wp-block-file--media-e339d7ee-468f-4721-96a5-531be3f67ca4\" href=\"http:\/\/osz-teltow.de\/wp-content\/uploads\/2025\/03\/shk_25_26.pdf\">SHK 2025\/26<\/a><\/div>\n\n\n\n<div class=\"wp-block-file has-background\" style=\"background-color:#fdf478a1\"><a id=\"wp-block-file--media-44c1772c-57aa-434b-9dd5-b85a848011e3\" href=\"https:\/\/osz-teltow.de\/wp-content\/uploads\/2026\/03\/shk_26_27.pdf\">SHK 2026\/27<\/a><\/div>\n\n\n\n<div class=\"wp-block-file has-background\" style=\"background-color:#cf2d2d78\"><a id=\"wp-block-file--media-5b6d7b8e-8c5f-4a35-995f-6f7b766e9131\" href=\"http:\/\/osz-teltow.de\/wp-content\/uploads\/2025\/03\/vte_25_26.pdf\">VTE 2025\/26<\/a><\/div>\n\n\n\n<div class=\"wp-block-file has-background\" style=\"background-color:#cf2d2d78\"><a id=\"wp-block-file--media-01a16e1d-0e0e-4ea7-9d17-6d3bd15acd3f\" href=\"https:\/\/osz-teltow.de\/wp-content\/uploads\/2026\/03\/vte_26_27.pdf\">VTE 2026\/27<\/a><\/div>\n\n\n\n<div class=\"wp-block-file has-background\" style=\"background-color:#7a290070\"><a id=\"wp-block-file--media-94a5fad5-a4e3-481a-857e-5df163985453\" href=\"https:\/\/osz-teltow.de\/wp-content\/uploads\/2025\/03\/wb_25_26.pdf\">WAB 2025\/26<\/a><\/div>\n\n\n\n<div class=\"wp-block-file has-background\" style=\"background-color:#7a290070\"><a id=\"wp-block-file--media-94a5fad5-a4e3-481a-857e-5df163985453\" href=\"https:\/\/osz-teltow.de\/wp-content\/uploads\/2026\/03\/wb_26_27.pdf\">WAB 2026\/27<\/a><\/div>\n<\/div><\/details>\n\n\n\n<details class=\"wp-block-themeisle-blocks-accordion-item\"><summary class=\"wp-block-themeisle-blocks-accordion-item__title\"><div>WebUntis<\/div><\/summary><div class=\"wp-block-themeisle-blocks-accordion-item__content\">\n<p>Die Anzeige des aktuellen Stunden- und Vertretungsplanes erfolgt \u00fcber WebUntis via App oder Browser.<\/p>\n\n\n\n<p><a href=\"https:\/\/osz-teltow.webuntis.com\/WebUntis\/?school=osz-teltow#\/basic\/login\" target=\"_blank\" rel=\"noreferrer noopener\"><strong>Zu Webuntis direkt gelangen, hier klicken!<\/strong><\/a><\/p>\n\n\n\n<p>Bei Problemen mit WebUntis melden Sie sich bitte unter: <strong>webuntis[at]osz-teltow.de<\/strong><\/p>\n<\/div><\/details>\n\n\n\n<details class=\"wp-block-themeisle-blocks-accordion-item\"><summary class=\"wp-block-themeisle-blocks-accordion-item__title\"><div>SchulCloud Brandenburg<\/div><\/summary><div class=\"wp-block-themeisle-blocks-accordion-item__content\">\n<p>Das OSZ TechnikTeltow arbeitet mit der SchulCloud als Lernmanagement-System. Fragen zur Schulcloud am OSZ Technik Teltow richten Sie bitte an: <strong>schulcloud[at]osz-teltow.de<\/strong><\/p>\n<\/div><\/details>\n\n\n\n<details class=\"wp-block-themeisle-blocks-accordion-item\"><summary class=\"wp-block-themeisle-blocks-accordion-item__title\"><div>Unterrichts- und Pausenzeiten<\/div><\/summary><div class=\"wp-block-themeisle-blocks-accordion-item__content\">\n<figure class=\"wp-block-image size-full\"><img loading=\"lazy\" decoding=\"async\" width=\"1000\" height=\"786\" src=\"http:\/\/osz.filmbildung-brandenburg.de\/wp-content\/uploads\/2023\/11\/Unterrichts-und-Pausenzeiten.png\" alt=\"\" class=\"wp-image-1746\" srcset=\"https:\/\/osz-teltow.de\/wp-content\/uploads\/2023\/11\/Unterrichts-und-Pausenzeiten.png 1000w, https:\/\/osz-teltow.de\/wp-content\/uploads\/2023\/11\/Unterrichts-und-Pausenzeiten-300x236.png 300w, https:\/\/osz-teltow.de\/wp-content\/uploads\/2023\/11\/Unterrichts-und-Pausenzeiten-768x604.png 768w\" sizes=\"auto, (max-width: 1000px) 100vw, 1000px\" \/><\/figure>\n<\/div><\/details>\n\n\n\n<details class=\"wp-block-themeisle-blocks-accordion-item\"><summary class=\"wp-block-themeisle-blocks-accordion-item__title\"><div>Formulare<\/div><\/summary><div class=\"wp-block-themeisle-blocks-accordion-item__content\">\n<div class=\"wp-block-file has-background\" style=\"background-color:#eeeeee;margin-top:var(--wp--preset--spacing--10);margin-right:var(--wp--preset--spacing--10);margin-bottom:var(--wp--preset--spacing--10);margin-left:var(--wp--preset--spacing--10);padding-top:var(--wp--preset--spacing--10);padding-right:var(--wp--preset--spacing--10);padding-bottom:var(--wp--preset--spacing--10);padding-left:var(--wp--preset--spacing--10)\"><a id=\"wp-block-file--media-58580e08-09c7-44fb-b501-80b5bf44eec6\" href=\"https:\/\/osz-teltow.de\/wp-content\/uploads\/2025\/06\/Anmeldung_BS_edit.docx\">Anmeldung f\u00fcr die Berufsschule<\/a><\/div>\n\n\n\n<p>Bei der Verwendung unserer Formulare, insbesondere der Anmeldung f\u00fcr die Berufsschule, beachten Sie bitte die Grundlagen des Datenschutzes. Informationen dazu finden Sie in der beiliegenden Anlage: <a href=\"https:\/\/osz-teltow.de\/wp-content\/uploads\/2026\/03\/Datenschutzhinweise-Aufnahmebescheid03032026.pdf\" data-type=\"link\" data-id=\"https:\/\/osz-teltow.de\/wp-content\/uploads\/2026\/03\/Datenschutzhinweise-Aufnahmebescheid03032026.pdf\">Datenschutzhinweise Aufnahmebescheid<\/a><\/p>\n\n\n\n<div class=\"wp-block-file has-background\" style=\"background-color:#eeeeee;margin-top:var(--wp--preset--spacing--10);margin-right:var(--wp--preset--spacing--10);margin-bottom:var(--wp--preset--spacing--10);margin-left:var(--wp--preset--spacing--10);padding-top:var(--wp--preset--spacing--10);padding-right:var(--wp--preset--spacing--10);padding-bottom:var(--wp--preset--spacing--10);padding-left:var(--wp--preset--spacing--10)\"><a id=\"wp-block-file--media-2e346b9e-07e2-45f8-b21e-a450ae393c4d\" href=\"http:\/\/osz-teltow.de\/wp-content\/uploads\/2023\/11\/antrag_freistellung.pdf\">Antrag auf Beurlaubung vom Unterricht f\u00fcr Betriebe<\/a><\/div>\n\n\n\n<div class=\"wp-block-file has-background\" style=\"background-color:#eeeeee;margin-top:var(--wp--preset--spacing--10);margin-right:var(--wp--preset--spacing--10);margin-bottom:var(--wp--preset--spacing--10);margin-left:var(--wp--preset--spacing--10);padding-top:var(--wp--preset--spacing--10);padding-right:var(--wp--preset--spacing--10);padding-bottom:var(--wp--preset--spacing--10);padding-left:var(--wp--preset--spacing--10)\"><a id=\"wp-block-file--media-bd17c00a-679c-42b9-8407-b657865e1c18\" href=\"http:\/\/osz-teltow.de\/wp-content\/uploads\/2023\/11\/Gastschuelerantrag.pdf\">Gastsch\u00fclerantrag<\/a><\/div>\n\n\n\n<div class=\"wp-block-file has-background\" style=\"background-color:#eeeeee;margin-top:var(--wp--preset--spacing--10);margin-right:var(--wp--preset--spacing--10);margin-bottom:var(--wp--preset--spacing--10);margin-left:var(--wp--preset--spacing--10);padding-top:var(--wp--preset--spacing--10);padding-right:var(--wp--preset--spacing--10);padding-bottom:var(--wp--preset--spacing--10);padding-left:var(--wp--preset--spacing--10)\"><a id=\"wp-block-file--media-567dbee1-2533-473d-b87b-e35c458df118\" href=\"https:\/\/osz-teltow.de\/wp-content\/uploads\/2026\/03\/Wohnheimantrag.docx\">Antrag auf einen Wohnheimplatz f\u00fcr das OSZ Teltow<\/a><\/div>\n\n\n\n<div class=\"wp-block-file has-background\" style=\"background-color:#eeeeee;margin-top:var(--wp--preset--spacing--10);margin-right:var(--wp--preset--spacing--10);margin-bottom:var(--wp--preset--spacing--10);margin-left:var(--wp--preset--spacing--10);padding-top:var(--wp--preset--spacing--10);padding-right:var(--wp--preset--spacing--10);padding-bottom:var(--wp--preset--spacing--10);padding-left:var(--wp--preset--spacing--10)\"><a id=\"wp-block-file--media-5574e282-91ba-4174-833d-a7b2b236be44\" href=\"https:\/\/osz-teltow.de\/wp-content\/uploads\/2025\/04\/Kostenuebernahmeerklaerung-Neu.docx\">Kosten\u00fcbernahmeformular f\u00fcr Betriebe<\/a><\/div>\n<\/div><\/details>\n\n\n\n<details class=\"wp-block-themeisle-blocks-accordion-item\"><summary class=\"wp-block-themeisle-blocks-accordion-item__title\"><div>Hausordnung<\/div><\/summary><div class=\"wp-block-themeisle-blocks-accordion-item__content\">\n<div class=\"wp-block-file has-background\" style=\"background-color:#eeeeee;margin-top:var(--wp--preset--spacing--10);margin-bottom:var(--wp--preset--spacing--10);padding-top:var(--wp--preset--spacing--10);padding-bottom:var(--wp--preset--spacing--10)\"><a id=\"wp-block-file--media-8db61fc6-f99a-4e56-83f0-67ea1e3a6cfc\" href=\"https:\/\/osz-teltow.de\/wp-content\/uploads\/2024\/11\/hausordnung.pdf\">Hausordnung<\/a><\/div>\n<\/div><\/details>\n\n\n\n<details class=\"wp-block-themeisle-blocks-accordion-item\"><summary class=\"wp-block-themeisle-blocks-accordion-item__title\"><div>Wohnheim<\/div><\/summary><div class=\"wp-block-themeisle-blocks-accordion-item__content\">\n<p>Landkreis-Potsdam-Mittelmark<\/p>\n\n\n\n<p>Wohnheim des OSZ Technik Teltow<\/p>\n\n\n\n<p>Schwarzer Weg 3<\/p>\n\n\n\n<p>14532 Kleinmachnow<\/p>\n\n\n\n<p>Tel: 03328\/3377845<br>Fax: 03328\/3377846<br>Email:&nbsp;wh-teltow[at]potsdam-mittelmark.de<\/p>\n\n\n\n<p><strong><u>Wohnheimpersonal<\/u><\/strong><\/p>\n\n\n\n<p><strong>P\u00e4d. Hausleitung<\/strong>: Fr. Gr\u00e4ser<\/p>\n\n\n\n<p><strong>ErzieherInnen<\/strong>: Fr. N\u00e4the, Fr. Taubert<\/p>\n\n\n\n<p>Der, vollst\u00e4ndig ausgef\u00fcllte, Wohnheimantrag kann uns postalisch, sowie per E-Mail zugesandt werden<strong>.<\/strong><\/p>\n\n\n\n<p><strong><u>Digitale Antr\u00e4ge senden Sie bitte an: &nbsp;wohnheim-antrag@osz-teltow.de<\/u><\/strong><\/p>\n\n\n\n<p><strong><u>Die wichtigsten Sachen auf einem Blick<\/u><\/strong><strong><u><\/u><\/strong><\/p>\n\n\n\n<p>Wohnheim allgemein:<\/p>\n\n\n\n<ul class=\"wp-block-list\">\n<li>2- Bett-Zimmer (Bett, Schreibtisch, Kleiderschrank, K\u00fchlschrank, TV) mit angrenzenden B\u00e4dern (Toilette, Waschbecken, Dusche)<\/li>\n\n\n\n<li>2 vollausgestattete K\u00fcchen (Herd, Mikrowelle, Sp\u00fclmaschine, Tiefk\u00fchler, Geschirr, T\u00f6pfe\/Pfannen) mit Selbstverpflegung<\/li>\n\n\n\n<li>Dinge des T\u00e4glichen Bedarfs (Zahnpflege, Hygieneutensilien, Bettw\u00e4sche, Handt\u00fccher etc.) sind mitzubringen<\/li>\n<\/ul>\n\n\n\n<p>Des Weiteren verf\u00fcgt das Wohnheim \u00fcber ein Wohnzimmer und Fahrr\u00e4der zum Ausleihen. Die Freizeitgestaltung kann mit Sportangeboten, AGs, sowie Ausfl\u00fcgen gestaltet werden.<br><\/p>\n\n\n\n<p>Die Beherbergungskosten belaufen sich, momentan, auf <strong><u>10,00 Euro pro Nacht<\/u><\/strong>.<\/p>\n\n\n\n<p>Bei einer Aktualisierung der Satzung der Wohnheime k\u00f6nnen sich die Kosten f\u00fcr die Unterkunft \u00e4ndern.<\/p>\n\n\n\n<p><strong>Bitte beachten Sie:<\/strong><\/p>\n\n\n\n<p><strong><u>Unvollst\u00e4ndig ausgef\u00fcllte Antr\u00e4ge werden, von uns, nicht bearbeitet!<\/u><\/strong><\/p>\n\n\n\n<p>Voraussetzung f\u00fcr die Aufnahme, ist der Nachweis einer, zweifach, Masernschutzimpfung laut Masernschutzgesetz (01.03.2020).<\/p>\n\n\n\n<p><strong>Dieser ist dem Antrag beizuf\u00fcgen.<\/strong><\/p>\n\n\n\n<p>Ohne Impfung, oder dem Nachweis ist eine Aufnahme\/Anreise <strong><u>NICHT <\/u><\/strong>m\u00f6glich.<\/p>\n\n\n\n<p><br>Anspruch auf eine ausw\u00e4rtige Unterkunft gem\u00e4\u00df \u00a7 99 (2) des Brandenburgischen Schulgesetzes in Verbindung mit \u00a7 2 (1) der Wohnheimsatzung des Landkreises Potsdam-Mittelmark haben Sch\u00fclerinnen und Sch\u00fcler, denen eine t\u00e4gliche Anreise nicht zugemutet werden kann (eine Fahrzeit <strong>\u00fcber 90 Minuten<\/strong> f\u00fcr einfache Fahrt) und die bei Ausbildungsbeginn <strong>nicht \u00e4lter als 27 Jahre<\/strong> sind.<br>Eine Beherbergung an Wochenenden, Feiertagen sowie den brandenburgischen Schulferien ist nicht m\u00f6glich!<\/p>\n\n\n\n<p><strong>Anlagen:<\/strong><\/p>\n\n\n\n<p>Antrag auf einen Platz im Wohnheim des OSZ Technik Teltow <\/p>\n\n\n\n<p>(<a href=\"https:\/\/osz-teltow.de\/wp-content\/uploads\/2025\/04\/Wohnheimantrag.docx\" target=\"_blank\" rel=\"noreferrer noopener\">Antrag Downloaden<\/a>) siehe &#8222;Formulare&#8220; <\/p>\n\n\n\n<p>Kosten\u00fcbernahmeformular f\u00fcr Betriebe<\/p>\n\n\n\n<p>(<a href=\"https:\/\/osz-teltow.de\/wp-content\/uploads\/2025\/04\/Kostenuebernahmeerklaerung-Neu.docx\" target=\"_blank\" rel=\"noreferrer noopener\">Formular f\u00fcr die Kosten\u00fcbernahme<\/a>)&nbsp;siehe &#8222;Formulare&#8220;<\/p>\n<\/div><\/details>\n\n\n\n<details class=\"wp-block-themeisle-blocks-accordion-item\"><summary class=\"wp-block-themeisle-blocks-accordion-item__title\"><div>Sporthalle<\/div><\/summary><div class=\"wp-block-themeisle-blocks-accordion-item__content\">\n<p>Der Sportunterricht findet in der Sporthalle der Hoffbauer-Stiftung statt. In dieser 3 Felder-Halle steht uns das hintere Drittel f\u00fcr den Sportunterricht zur Verf\u00fcgung. Die Sporthalle befindet sich auf dem Gel\u00e4nde der Hoffbauer-Stiftung. Der Zugang erfolgt \u00fcber die Wilhelm-K\u00fclz-Stra\u00dfe. Sie finden die Halle hinter McDonald\u2019s auf der rechten Seite. Der Haupteingang befindet sich auf der R\u00fcckseite der Halle \u2013 bitte einmal um das Geb\u00e4ude herumgehen.<\/p>\n\n\n\n<figure class=\"wp-block-image size-full\"><img loading=\"lazy\" decoding=\"async\" width=\"820\" height=\"697\" src=\"https:\/\/osz-teltow.de\/wp-content\/uploads\/2025\/04\/Lageplan-Sporthalle.jpg\" alt=\"\" class=\"wp-image-2418\" srcset=\"https:\/\/osz-teltow.de\/wp-content\/uploads\/2025\/04\/Lageplan-Sporthalle.jpg 820w, https:\/\/osz-teltow.de\/wp-content\/uploads\/2025\/04\/Lageplan-Sporthalle-300x255.jpg 300w, https:\/\/osz-teltow.de\/wp-content\/uploads\/2025\/04\/Lageplan-Sporthalle-768x653.jpg 768w\" sizes=\"auto, (max-width: 820px) 100vw, 820px\" \/><\/figure>\n<\/div><\/details>\n<\/div>\n\n\n\n<p><\/p>\n","protected":false},"excerpt":{"rendered":"<p>Organisatorisches<\/p>\n","protected":false},"author":1,"featured_media":0,"parent":0,"menu_order":0,"comment_status":"closed","ping_status":"closed","template":"template-no-title","meta":{"_themeisle_gutenberg_block_has_review":false,"footnotes":""},"class_list":["post-1729","page","type-page","status-publish","hentry"],"_links":{"self":[{"href":"https:\/\/osz-teltow.de\/index.php\/wp-json\/wp\/v2\/pages\/1729","targetHints":{"allow":["GET"]}}],"collection":[{"href":"https:\/\/osz-teltow.de\/index.php\/wp-json\/wp\/v2\/pages"}],"about":[{"href":"https:\/\/osz-teltow.de\/index.php\/wp-json\/wp\/v2\/types\/page"}],"author":[{"embeddable":true,"href":"https:\/\/osz-teltow.de\/index.php\/wp-json\/wp\/v2\/users\/1"}],"replies":[{"embeddable":true,"href":"https:\/\/osz-teltow.de\/index.php\/wp-json\/wp\/v2\/comments?post=1729"}],"version-history":[{"count":80,"href":"https:\/\/osz-teltow.de\/index.php\/wp-json\/wp\/v2\/pages\/1729\/revisions"}],"predecessor-version":[{"id":2702,"href":"https:\/\/osz-teltow.de\/index.php\/wp-json\/wp\/v2\/pages\/1729\/revisions\/2702"}],"wp:attachment":[{"href":"https:\/\/osz-teltow.de\/index.php\/wp-json\/wp\/v2\/media?parent=1729"}],"curies":[{"name":"wp","href":"https:\/\/api.w.org\/{rel}","templated":true}]}}