{"id":1719,"date":"2023-10-21T16:41:09","date_gmt":"2023-10-21T14:41:09","guid":{"rendered":"http:\/\/osz.filmbildung-brandenburg.de\/start\/?page_id=1719"},"modified":"2023-11-15T23:33:00","modified_gmt":"2023-11-15T22:33:00","slug":"news","status":"publish","type":"page","link":"https:\/\/osz-teltow.de\/index.php\/news\/","title":{"rendered":"news"},"content":{"rendered":"\n<h3 class=\"wp-block-heading\">News<\/h3>\n\n\n\n<div style=\"height:72px\" aria-hidden=\"true\" class=\"wp-block-spacer\"><\/div>\n\n\n\n<div class=\"wp-block-query is-layout-flow wp-block-query-is-layout-flow\"><ul class=\"wp-block-post-template is-layout-flow wp-container-core-post-template-is-layout-456dc0f5 wp-block-post-template-is-layout-flow\"><li class=\"wp-block-post post-2625 post type-post status-publish format-standard has-post-thumbnail hentry category-allgemein\">\n\n<div class=\"wp-block-columns alignwide is-layout-flex wp-container-core-columns-is-layout-28f84493 wp-block-columns-is-layout-flex\">\n<div class=\"wp-block-column is-layout-flow wp-block-column-is-layout-flow\" style=\"flex-basis:50%\"><figure class=\"wp-block-post-featured-image\"><a href=\"https:\/\/osz-teltow.de\/index.php\/2026\/02\/18\/projektwoche-der-vte31-am-osz-teltow\/\" target=\"_self\"  ><img loading=\"lazy\" decoding=\"async\" width=\"1280\" height=\"960\" src=\"https:\/\/osz-teltow.de\/wp-content\/uploads\/2026\/02\/VTE31-1.jpg\" class=\"attachment-post-thumbnail size-post-thumbnail wp-post-image\" alt=\"Projektwoche der VTE31 am OSZ Teltow\" style=\"object-fit:cover;\" srcset=\"https:\/\/osz-teltow.de\/wp-content\/uploads\/2026\/02\/VTE31-1.jpg 1280w, https:\/\/osz-teltow.de\/wp-content\/uploads\/2026\/02\/VTE31-1-300x225.jpg 300w, https:\/\/osz-teltow.de\/wp-content\/uploads\/2026\/02\/VTE31-1-1024x768.jpg 1024w, https:\/\/osz-teltow.de\/wp-content\/uploads\/2026\/02\/VTE31-1-768x576.jpg 768w\" sizes=\"auto, (max-width: 1280px) 100vw, 1280px\" \/><\/a><\/figure><\/div>\n\n\n\n<div class=\"wp-block-column is-layout-flow wp-block-column-is-layout-flow\" style=\"flex-basis:50%\"><h6 class=\"wp-block-post-title\"><a href=\"https:\/\/osz-teltow.de\/index.php\/2026\/02\/18\/projektwoche-der-vte31-am-osz-teltow\/\" target=\"_self\" >Projektwoche der VTE31 am OSZ Teltow<\/a><\/h6>\n\n<div class=\"wp-block-post-excerpt\"><p class=\"wp-block-post-excerpt__excerpt\">In der Woche vom 09.02. bis 13.02. verwandelte die Klasse VTE31 die Cafeteria des OSZ Teltow in eine professionelle Veranstaltungsst\u00e4tte. Hintergrund des Projekts war die bevorstehende Abschlusspr\u00fcfung; es diente als gemeinsame Vorbereitung und markierte gleichzeitig die letztegro\u00dfe Veranstaltung in dieser Konstellation.Bereits Monate im Voraus begann die Planung, wobei zun\u00e4chst die Kernfrage nach dem \u201eWas\u201c gekl\u00e4rt<\/p><p class=\"wp-block-post-excerpt__more-text\"><a class=\"wp-block-post-excerpt__more-link\" href=\"https:\/\/osz-teltow.de\/index.php\/2026\/02\/18\/projektwoche-der-vte31-am-osz-teltow\/\">Mehr<\/a><\/p><\/div><\/div>\n<\/div>\n\n<\/li><li class=\"wp-block-post post-2614 post type-post status-publish format-standard has-post-thumbnail hentry category-allgemein\">\n\n<div class=\"wp-block-columns alignwide is-layout-flex wp-container-core-columns-is-layout-28f84493 wp-block-columns-is-layout-flex\">\n<div class=\"wp-block-column is-layout-flow wp-block-column-is-layout-flow\" style=\"flex-basis:50%\"><figure class=\"wp-block-post-featured-image\"><a href=\"https:\/\/osz-teltow.de\/index.php\/2026\/02\/13\/die-vte31-besucht-die-leat-con-2025\/\" target=\"_self\"  ><img loading=\"lazy\" decoding=\"async\" width=\"646\" height=\"484\" src=\"https:\/\/osz-teltow.de\/wp-content\/uploads\/2026\/02\/1.jpg\" class=\"attachment-post-thumbnail size-post-thumbnail wp-post-image\" alt=\"Die\u00a0VTE31\u00a0besucht\u00a0die\u00a0LEAT-Con\u00a02025\" style=\"object-fit:cover;\" srcset=\"https:\/\/osz-teltow.de\/wp-content\/uploads\/2026\/02\/1.jpg 646w, https:\/\/osz-teltow.de\/wp-content\/uploads\/2026\/02\/1-300x225.jpg 300w\" sizes=\"auto, (max-width: 646px) 100vw, 646px\" \/><\/a><\/figure><\/div>\n\n\n\n<div class=\"wp-block-column is-layout-flow wp-block-column-is-layout-flow\" style=\"flex-basis:50%\"><h6 class=\"wp-block-post-title\"><a href=\"https:\/\/osz-teltow.de\/index.php\/2026\/02\/13\/die-vte31-besucht-die-leat-con-2025\/\" target=\"_self\" >Die\u00a0VTE31\u00a0besucht\u00a0die\u00a0LEAT-Con\u00a02025<\/a><\/h6>\n\n<div class=\"wp-block-post-excerpt\"><p class=\"wp-block-post-excerpt__excerpt\">Am 15. Oktober, um 7:00 morgens (was f\u00fcr uns Veranstaltungstechnikerinnen noch mitten in der Nacht ist) versammelt sich die VTE31 um einen Bus.Das Ziel? Die \u201eLEaT con&#8220; in Hamburg. Hierbei steht LEaT f\u00fcr\u201eLive, Entertainment and Technology&#8220;. Mit \u00fcber 8.500 Ausstellern und Besuchenden, sowie knapp 400 Brands war die LEaT Gon vollbeladen und laut den Organisatorinnen<\/p><p class=\"wp-block-post-excerpt__more-text\"><a class=\"wp-block-post-excerpt__more-link\" href=\"https:\/\/osz-teltow.de\/index.php\/2026\/02\/13\/die-vte31-besucht-die-leat-con-2025\/\">Mehr<\/a><\/p><\/div><\/div>\n<\/div>\n\n<\/li><li class=\"wp-block-post post-2618 post type-post status-publish format-standard has-post-thumbnail hentry category-allgemein\">\n\n<div class=\"wp-block-columns alignwide is-layout-flex wp-container-core-columns-is-layout-28f84493 wp-block-columns-is-layout-flex\">\n<div class=\"wp-block-column is-layout-flow wp-block-column-is-layout-flow\" style=\"flex-basis:50%\"><figure class=\"wp-block-post-featured-image\"><a href=\"https:\/\/osz-teltow.de\/index.php\/2026\/02\/10\/zeugnisuebergabe-4-lehrjahr-shk\/\" target=\"_self\"  ><img loading=\"lazy\" decoding=\"async\" width=\"2560\" height=\"1920\" src=\"https:\/\/osz-teltow.de\/wp-content\/uploads\/2026\/02\/DSC_Jan.26-scaled.jpg\" class=\"attachment-post-thumbnail size-post-thumbnail wp-post-image\" alt=\"Zeugnis\u00fcbergabe 4.Lehrjahr SHK\" style=\"object-fit:cover;\" srcset=\"https:\/\/osz-teltow.de\/wp-content\/uploads\/2026\/02\/DSC_Jan.26-scaled.jpg 2560w, https:\/\/osz-teltow.de\/wp-content\/uploads\/2026\/02\/DSC_Jan.26-300x225.jpg 300w, https:\/\/osz-teltow.de\/wp-content\/uploads\/2026\/02\/DSC_Jan.26-1024x768.jpg 1024w, https:\/\/osz-teltow.de\/wp-content\/uploads\/2026\/02\/DSC_Jan.26-768x576.jpg 768w, https:\/\/osz-teltow.de\/wp-content\/uploads\/2026\/02\/DSC_Jan.26-1536x1152.jpg 1536w, https:\/\/osz-teltow.de\/wp-content\/uploads\/2026\/02\/DSC_Jan.26-2048x1536.jpg 2048w\" sizes=\"auto, (max-width: 2560px) 100vw, 2560px\" \/><\/a><\/figure><\/div>\n\n\n\n<div class=\"wp-block-column is-layout-flow wp-block-column-is-layout-flow\" style=\"flex-basis:50%\"><h6 class=\"wp-block-post-title\"><a href=\"https:\/\/osz-teltow.de\/index.php\/2026\/02\/10\/zeugnisuebergabe-4-lehrjahr-shk\/\" target=\"_self\" >Zeugnis\u00fcbergabe 4.Lehrjahr SHK<\/a><\/h6>\n\n<div class=\"wp-block-post-excerpt\"><p class=\"wp-block-post-excerpt__excerpt\">Wir gratulieren zur erfolgreichen Beendigung der Ausbildung mit der feierlichen Zeugnis\u00fcbergabe!<\/p><p class=\"wp-block-post-excerpt__more-text\"><a class=\"wp-block-post-excerpt__more-link\" href=\"https:\/\/osz-teltow.de\/index.php\/2026\/02\/10\/zeugnisuebergabe-4-lehrjahr-shk\/\">Mehr<\/a><\/p><\/div><\/div>\n<\/div>\n\n<\/li><li class=\"wp-block-post post-2565 post type-post status-publish format-standard has-post-thumbnail hentry category-allgemein\">\n\n<div class=\"wp-block-columns alignwide is-layout-flex wp-container-core-columns-is-layout-28f84493 wp-block-columns-is-layout-flex\">\n<div class=\"wp-block-column is-layout-flow wp-block-column-is-layout-flow\" style=\"flex-basis:50%\"><figure class=\"wp-block-post-featured-image\"><a href=\"https:\/\/osz-teltow.de\/index.php\/2025\/12\/01\/weiteres-auslandspraktikum-dank-erasmus\/\" target=\"_self\"  ><img loading=\"lazy\" decoding=\"async\" width=\"1536\" height=\"814\" src=\"https:\/\/osz-teltow.de\/wp-content\/uploads\/2025\/12\/k.-Widlitzky.png\" class=\"attachment-post-thumbnail size-post-thumbnail wp-post-image\" alt=\"Weiteres Auslandspraktikum in Spanien\" style=\"object-fit:cover;\" srcset=\"https:\/\/osz-teltow.de\/wp-content\/uploads\/2025\/12\/k.-Widlitzky.png 1536w, https:\/\/osz-teltow.de\/wp-content\/uploads\/2025\/12\/k.-Widlitzky-300x159.png 300w, https:\/\/osz-teltow.de\/wp-content\/uploads\/2025\/12\/k.-Widlitzky-1024x543.png 1024w, https:\/\/osz-teltow.de\/wp-content\/uploads\/2025\/12\/k.-Widlitzky-768x407.png 768w\" sizes=\"auto, (max-width: 1536px) 100vw, 1536px\" \/><\/a><\/figure><\/div>\n\n\n\n<div class=\"wp-block-column is-layout-flow wp-block-column-is-layout-flow\" style=\"flex-basis:50%\"><h6 class=\"wp-block-post-title\"><a href=\"https:\/\/osz-teltow.de\/index.php\/2025\/12\/01\/weiteres-auslandspraktikum-dank-erasmus\/\" target=\"_self\" >Weiteres Auslandspraktikum in Spanien<\/a><\/h6>\n\n<div class=\"wp-block-post-excerpt\"><p class=\"wp-block-post-excerpt__excerpt\">Dank Erasmus konnte ich mein Praktikum in diesem Herbst in Malaga absolvieren. Meine Arbeit habe ich in einem E-Roller Laden namens &#8218;Subway&#8216; absolviert. Dort war ich haupts\u00e4chlich daf\u00fcr zust\u00e4ndig, die Scooter zu reparieren und instand zu halten. Das war technisch sehr interessant und hat mir Spa\u00df gemacht.Was ich an M\u00e1laga aber besonders genossen habe, war<\/p><p class=\"wp-block-post-excerpt__more-text\"><a class=\"wp-block-post-excerpt__more-link\" href=\"https:\/\/osz-teltow.de\/index.php\/2025\/12\/01\/weiteres-auslandspraktikum-dank-erasmus\/\">Mehr<\/a><\/p><\/div><\/div>\n<\/div>\n\n<\/li><li class=\"wp-block-post post-2545 post type-post status-publish format-standard has-post-thumbnail hentry category-allgemein\">\n\n<div class=\"wp-block-columns alignwide is-layout-flex wp-container-core-columns-is-layout-28f84493 wp-block-columns-is-layout-flex\">\n<div class=\"wp-block-column is-layout-flow wp-block-column-is-layout-flow\" style=\"flex-basis:50%\"><figure class=\"wp-block-post-featured-image\"><a href=\"https:\/\/osz-teltow.de\/index.php\/2025\/10\/01\/abspann-eine-webpraesenz-mithintergrundwissen\/\" target=\"_self\"  ><img loading=\"lazy\" decoding=\"async\" width=\"1920\" height=\"1046\" src=\"https:\/\/osz-teltow.de\/wp-content\/uploads\/2025\/10\/Abspann.png\" class=\"attachment-post-thumbnail size-post-thumbnail wp-post-image\" alt=\"Abspann &#8211; eine Webpr\u00e4senz mitHintergrundwissen\" style=\"object-fit:cover;\" srcset=\"https:\/\/osz-teltow.de\/wp-content\/uploads\/2025\/10\/Abspann.png 1920w, https:\/\/osz-teltow.de\/wp-content\/uploads\/2025\/10\/Abspann-300x163.png 300w, https:\/\/osz-teltow.de\/wp-content\/uploads\/2025\/10\/Abspann-1024x558.png 1024w, https:\/\/osz-teltow.de\/wp-content\/uploads\/2025\/10\/Abspann-768x418.png 768w, https:\/\/osz-teltow.de\/wp-content\/uploads\/2025\/10\/Abspann-1536x837.png 1536w\" sizes=\"auto, (max-width: 1920px) 100vw, 1920px\" \/><\/a><\/figure><\/div>\n\n\n\n<div class=\"wp-block-column is-layout-flow wp-block-column-is-layout-flow\" style=\"flex-basis:50%\"><h6 class=\"wp-block-post-title\"><a href=\"https:\/\/osz-teltow.de\/index.php\/2025\/10\/01\/abspann-eine-webpraesenz-mithintergrundwissen\/\" target=\"_self\" >Abspann &#8211; eine Webpr\u00e4senz mitHintergrundwissen<\/a><\/h6>\n\n<div class=\"wp-block-post-excerpt\"><p class=\"wp-block-post-excerpt__excerpt\">Was ist eigentlich VFX? Was macht ein Greensman und darf man als Stunt-Koordinatoreigentlich durch brennende Reifen springen?Diese Fragen stellt sich vielleicht nicht jeder &#8211; aber sicherlich all diejenigen, die damitlieb\u00e4ugeln, einen Beruf im Medienbereich aufzunehmen. Und genau hier setzt die Webseite https:\/\/abspann.filmmuseum-potsdam.de an. Nun w\u00e4re es ja langweilig, hier einfach nur eine Homepage zu verlinken.<\/p><p class=\"wp-block-post-excerpt__more-text\"><a class=\"wp-block-post-excerpt__more-link\" href=\"https:\/\/osz-teltow.de\/index.php\/2025\/10\/01\/abspann-eine-webpraesenz-mithintergrundwissen\/\">Mehr<\/a><\/p><\/div><\/div>\n<\/div>\n\n<\/li><li class=\"wp-block-post post-2581 post type-post status-publish format-standard has-post-thumbnail hentry category-allgemein\">\n\n<div class=\"wp-block-columns alignwide is-layout-flex wp-container-core-columns-is-layout-28f84493 wp-block-columns-is-layout-flex\">\n<div class=\"wp-block-column is-layout-flow wp-block-column-is-layout-flow\" style=\"flex-basis:50%\"><figure class=\"wp-block-post-featured-image\"><a href=\"https:\/\/osz-teltow.de\/index.php\/2026\/02\/12\/wir-nehmen-abschied\/\" target=\"_self\"  ><img loading=\"lazy\" decoding=\"async\" width=\"1536\" height=\"1024\" src=\"https:\/\/osz-teltow.de\/wp-content\/uploads\/2026\/01\/Designer.jpg\" class=\"attachment-post-thumbnail size-post-thumbnail wp-post-image\" alt=\"Wir nehmen Abschied\" style=\"object-fit:cover;\" srcset=\"https:\/\/osz-teltow.de\/wp-content\/uploads\/2026\/01\/Designer.jpg 1536w, https:\/\/osz-teltow.de\/wp-content\/uploads\/2026\/01\/Designer-300x200.jpg 300w, https:\/\/osz-teltow.de\/wp-content\/uploads\/2026\/01\/Designer-1024x683.jpg 1024w, https:\/\/osz-teltow.de\/wp-content\/uploads\/2026\/01\/Designer-768x512.jpg 768w\" sizes=\"auto, (max-width: 1536px) 100vw, 1536px\" \/><\/a><\/figure><\/div>\n\n\n\n<div class=\"wp-block-column is-layout-flow wp-block-column-is-layout-flow\" style=\"flex-basis:50%\"><h6 class=\"wp-block-post-title\"><a href=\"https:\/\/osz-teltow.de\/index.php\/2026\/02\/12\/wir-nehmen-abschied\/\" target=\"_self\" >Wir nehmen Abschied<\/a><\/h6>\n\n<div class=\"wp-block-post-excerpt\"><p class=\"wp-block-post-excerpt__excerpt\"><\/p><p class=\"wp-block-post-excerpt__more-text\"><a class=\"wp-block-post-excerpt__more-link\" href=\"https:\/\/osz-teltow.de\/index.php\/2026\/02\/12\/wir-nehmen-abschied\/\">Mehr<\/a><\/p><\/div><\/div>\n<\/div>\n\n<\/li><\/ul><\/div>\n\n\n<ul class=\"wp-block-archives-list alignwide wp-block-archives\">\t<li><a href='https:\/\/osz-teltow.de\/index.php\/2026\/'>2026<\/a>&nbsp;(4)<\/li>\n\t<li><a href='https:\/\/osz-teltow.de\/index.php\/2025\/'>2025<\/a>&nbsp;(17)<\/li>\n\t<li><a href='https:\/\/osz-teltow.de\/index.php\/2024\/'>2024<\/a>&nbsp;(9)<\/li>\n<\/ul>","protected":false},"excerpt":{"rendered":"<p>News<\/p>\n","protected":false},"author":1,"featured_media":0,"parent":0,"menu_order":0,"comment_status":"closed","ping_status":"closed","template":"template-no-title","meta":{"_themeisle_gutenberg_block_has_review":false,"footnotes":""},"class_list":["post-1719","page","type-page","status-publish","hentry"],"_links":{"self":[{"href":"https:\/\/osz-teltow.de\/index.php\/wp-json\/wp\/v2\/pages\/1719","targetHints":{"allow":["GET"]}}],"collection":[{"href":"https:\/\/osz-teltow.de\/index.php\/wp-json\/wp\/v2\/pages"}],"about":[{"href":"https:\/\/osz-teltow.de\/index.php\/wp-json\/wp\/v2\/types\/page"}],"author":[{"embeddable":true,"href":"https:\/\/osz-teltow.de\/index.php\/wp-json\/wp\/v2\/users\/1"}],"replies":[{"embeddable":true,"href":"https:\/\/osz-teltow.de\/index.php\/wp-json\/wp\/v2\/comments?post=1719"}],"version-history":[{"count":5,"href":"https:\/\/osz-teltow.de\/index.php\/wp-json\/wp\/v2\/pages\/1719\/revisions"}],"predecessor-version":[{"id":1836,"href":"https:\/\/osz-teltow.de\/index.php\/wp-json\/wp\/v2\/pages\/1719\/revisions\/1836"}],"wp:attachment":[{"href":"https:\/\/osz-teltow.de\/index.php\/wp-json\/wp\/v2\/media?parent=1719"}],"curies":[{"name":"wp","href":"https:\/\/api.w.org\/{rel}","templated":true}]}}