{"id":1714,"date":"2023-10-21T16:25:20","date_gmt":"2023-10-21T14:25:20","guid":{"rendered":"http:\/\/osz.filmbildung-brandenburg.de\/start\/?page_id=1714"},"modified":"2026-02-19T14:41:01","modified_gmt":"2026-02-19T13:41:01","slug":"ueber-uns","status":"publish","type":"page","link":"https:\/\/osz-teltow.de\/index.php\/ueber-uns\/","title":{"rendered":"\u00dcber uns"},"content":{"rendered":"\n<h3 class=\"wp-block-heading\">\u00dcber uns <\/h3>\n\n\n\n<div style=\"height:72px\" aria-hidden=\"true\" class=\"wp-block-spacer\"><\/div>\n\n\n\n<p><strong>Das OSZ Technik Teltow ist das berufliche Oberstufenzentrum des Landkreises Potsdam-Mittelmark im Bundesland Brandenburg. An zwei Standorten werden Auszubildende in 13 technischen Berufen bzw. Spezialisierungsrichtungen ausgebildet.<\/strong><\/p>\n\n\n\n<div id=\"wp-block-themeisle-blocks-accordion-20bf33dd\" class=\"wp-block-themeisle-blocks-accordion exclusive\">\n<details class=\"wp-block-themeisle-blocks-accordion-item\"><summary class=\"wp-block-themeisle-blocks-accordion-item__title\"><div><strong>Schulprogramm des OSZ<\/strong><\/div><\/summary><div class=\"wp-block-themeisle-blocks-accordion-item__content\">\n<p class=\"has-small-font-size\"><strong>Inhalte und Themen\u00fcbersicht<\/strong><br><\/p>\n\n\n\n<p class=\"has-small-font-size\"><a href=\"https:\/\/osz-teltow.de\/wp-content\/uploads\/2025\/01\/Schulprogramm_OSZ_Teltow.pdf\">Dokumentation<\/a><br><\/p>\n<\/div><\/details>\n\n\n\n<details class=\"wp-block-themeisle-blocks-accordion-item\"><summary class=\"wp-block-themeisle-blocks-accordion-item__title\"><div><strong>Arbeitsgemeinschaften<\/strong><\/div><\/summary><div class=\"wp-block-themeisle-blocks-accordion-item__content\">\n<p class=\"has-small-font-size\"><strong>Film-AG<\/strong><br>Interessierte aller Berufe treffen sich in dieser AG, um gemeinsam einen Kurzfilm zu realisieren. Leitung: Stefan R\u00f6ske: s.roeske[at]osz-teltow.de<br><br><strong>Kfz-Messtechnik<\/strong><br>Handhabung von Messtechnik zur Signalaufnahme von Komponenten des Kfz- Bordnetzes, Signalauswertung und Fehlersuche. Leitung: Ulrich Block: u.block[at]osz-teltow.de<\/p>\n\n\n\n<p class=\"has-small-font-size\"><strong>Volleyball<\/strong><br>Sport, Spiel und Teamplay in der Sporthalle. Leitung: Martin Z\u00e4hle: schulsozialarbeit[at]osz-teltow.de<\/p>\n\n\n\n<p><\/p>\n<\/div><\/details>\n\n\n\n<details class=\"wp-block-themeisle-blocks-accordion-item\"><summary class=\"wp-block-themeisle-blocks-accordion-item__title\"><div><strong>BISS &#8211; Sprachbildung<\/strong><\/div><\/summary><div class=\"wp-block-themeisle-blocks-accordion-item__content\">\n<p>Teilnahme unserer Schule am bundesweiten Programm BiSS<br>(Bildung durch Sprache und Schrift)<\/p>\n\n\n\n<p>Unser Oberstufenzentrum arbeitet seit 2021 im Verbund der beruflichen Schulen landesweit zusammen. Dabei wurden sowohl Lehrkr\u00e4fte als auch die Schulleitung in das Programm einbezogen. Koordinierende Lehrkr\u00e4fte aus der BUSS-Beratung unterst\u00fctzen uns als teilnehmende Berufsschulen. Regelm\u00e4\u00dfig nehmen die BiSS-Koordinatoren unserer Berufsschule an gemeinsamen Verbundtreffen teil und tauschen sich fachlich mit anderen Berufsschulen zur Sprachf\u00f6rderung aus.<\/p>\n\n\n\n<p>Das Programm als gemeinsame Initiative des Bundesministeriums f\u00fcr Bildung und Forschung (BMBF) sowie der Kultusministerkonferenz der L\u00e4nder (KMK) unterst\u00fctzt u.a. berufliche Schulen wie unser OSZ, Auszubildende in ihren Sprach-, Lese- und Schreibkompetenzen in allen Fachbereichen systematisch zu f\u00f6rdern.<\/p>\n\n\n\n<p>Die fachliche Koordination und wissenschaftliche Begleitung des Programms erfolgen bundesweit durch das Mercator-Institut f\u00fcr Sprachf\u00f6rderung und Deutsch als Zweitsprache der Universit\u00e4t K\u00f6ln, das DDIPF\/Leibnitz-Institut f\u00fcr Bildungsforschung und Bildungsinformation und die Humboldt-Universit\u00e4t Berlin.<\/p>\n<\/div><\/details>\n\n\n\n<details class=\"wp-block-themeisle-blocks-accordion-item\"><summary class=\"wp-block-themeisle-blocks-accordion-item__title\"><div><strong>Cisco-Zertifikat<\/strong><\/div><\/summary><div class=\"wp-block-themeisle-blocks-accordion-item__content\">\n<p>Weitere Informationen folgen&#8230;<\/p>\n<\/div><\/details>\n\n\n\n<details class=\"wp-block-themeisle-blocks-accordion-item\"><summary class=\"wp-block-themeisle-blocks-accordion-item__title\"><div><strong>KMK-Fremdsprachenzertifizierung<\/strong><\/div><\/summary><div class=\"wp-block-themeisle-blocks-accordion-item__content\">\n<p><strong>KMK-Fremdsprachenzertifikat Englisch<\/strong><\/p>\n\n\n\n<p>Der Fachbereich Englisch bietet den interessierten Auszubildenden im dritten Lehrjahr ihrer dualen Ausbildung die M\u00f6glichkeit, an der Fremdsprachenzertifizierung Englisch teilzunehmen. Fr\u00fchauslerner haben bereits ein Jahr fr\u00fcher nach Absprache die M\u00f6glichkeit dazu.<\/p>\n\n\n\n<p><strong>Was ist das KMK-Fremdsprachenzertifikat?<\/strong><\/p>\n\n\n\n<p>Das KMK-Fremdsprachenzertifikat ist ein bundesweit einheitlich geregeltes und anerkanntes Zertifikat zum Nachweis <strong>berufsbezogener<\/strong> Fremdsprachenkenntnisse. Das Zertifikat kann z. B. als Nachweis fremdsprachlicher Kompetenz f\u00fcr den europass Sprachenpass verwendet werden.<\/p>\n\n\n\n<p><strong>Pr\u00fcfungen f\u00fcr verschiedene Berufe und Niveaustufen<\/strong><\/p>\n\n\n\n<p>F\u00fcr jeweils einen Beruf oder eine Berufsgruppe gibt es f\u00fcr unterschiedliche Niveaustufen A2 bis C1 individuelle Pr\u00fcfungen, welche jeweils aus einem schriftlichen und einem m\u00fcndlichen Teil bestehen. In welchen Berufen bzw. Berufsgruppen welche Niveaustufe(n) angeboten werden, entscheidet das Ministerium. Die Pr\u00fcfungen werden nach l\u00e4nder\u00fcbergreifend entwickelten Qualit\u00e4tskriterien erstellt.<\/p>\n\n\n\n<p><strong>Organisatorisches und Voraussetzungen f\u00fcr die Teilnahme<\/strong><\/p>\n\n\n\n<p>Die Pr\u00fcfungen werden an der Berufsschule im Land Brandenburg kostenfrei angeboten. Die Anmeldung erfolgt nach Absprache \u00fcber die Lehrkr\u00e4fte. Gepr\u00fcft werden schriftlich die Bereiche Rezeption (H\u00f6r- und Leseverstehen), Produktion (Schreiben) sowie Mediation und m\u00fcndlich die Interaktion. Die Englischkenntnisse sollten gut bis sehr gut sein. Die Lehrkr\u00e4fte des OSZ nehmen die Pr\u00fcfungen ab und geben die jeweiligen schriftlichen und m\u00fcndlichen Pr\u00fcfungstermine bekannt. Die schriftliche Pr\u00fcfung erfolgt i.d.R. im M\u00e4rz oder April. Die m\u00fcndlichen Pr\u00fcfungen, welche normalerweise 2er- oder 3er-Pr\u00fcfungen sind, schlie\u00dfen sich an. Falls Sie am Pr\u00fcfungstag keine Schule haben, sondern im Betrieb eingesetzt sind, beantragt das OSZ Technik Teltow bei ihrem Betrieb die Freistellung zur Teilnahme an der Pr\u00fcfung.<\/p>\n\n\n\n<p><strong>Bestehen der Pr\u00fcfung<\/strong><\/p>\n\n\n\n<p>Die Pr\u00fcfung gilt als bestanden, wenn der schriftliche als auch der m\u00fcndliche Teil mit jeweils mindestens 50% absolviert wurde. Ein Ausgleich zwischen beiden Pr\u00fcfungsteilen ist nicht m\u00f6glich. Auf Ihrem Abschlusszeugnis wird vermerkt, dass Sie an der KMK-Fremdsprachenzertifizierung teilgenommen haben. Au\u00dferdem erhalten Sie ein Zertifikat auf welchem Ihr Ergebnis, die jeweilig gepr\u00fcfte Niveaustufe und der Berufsbereich vermerkt ist.<\/p>\n\n\n\n<p><strong>Sonstige Fragen<\/strong><\/p>\n\n\n\n<p>Falls Sie weitere Fragen haben, wenden Sie sich bitte an Ihre Englischlehrkraft oder Frau Kirmis (s.kirmis[at]osz-teltow.de). Dar\u00fcber hinaus k\u00f6nnen Sie auch auf der folgenden Website alles zur KMK-Pr\u00fcfung nachlesen: <a href=\"https:\/\/www.kmk.org\/themen\/berufliche-schulen\/duale-berufsausbildung\/kmk-fremdsprachenzertifikat.html\">https:\/\/www.kmk.org\/themen\/berufliche-schulen\/duale-berufsausbildung\/kmk-fremdsprachenzertifikat.html<\/a>.<\/p>\n<\/div><\/details>\n\n\n\n<details class=\"wp-block-themeisle-blocks-accordion-item\"><summary class=\"wp-block-themeisle-blocks-accordion-item__title\"><div><strong>F\u00f6rderverein<\/strong><\/div><\/summary><div class=\"wp-block-themeisle-blocks-accordion-item__content\">\n<p>Neuwahl des Vorstandes am 01.04.2025<\/p>\n\n\n\n<ul class=\"wp-block-list\">\n<li>1. Vorsitzende: Frau Nehls<\/li>\n\n\n\n<li>2. Vorsitzende: Frau Kirmis<\/li>\n\n\n\n<li>Mitglied des Vorstandes: Frau Lang-Rehburg<\/li>\n\n\n\n<li>Kassenwart: Herr Ritter<\/li>\n\n\n\n<li>Schriftf\u00fchrerin: Frau Sprenger<\/li>\n<\/ul>\n\n\n\n<p>Revisionskommission: Herr Dr. Schwie\u00dfelmann, Herr Anders<\/p>\n\n\n\n<p>Der F\u00f6rderverein stellt sich vor: <a href=\"https:\/\/osz-teltow.de\/wp-content\/uploads\/2025\/04\/Foerderverein-Vorstellung.pdf\" data-type=\"page\" data-id=\"1809\" target=\"_blank\" rel=\"noreferrer noopener\">Wer sind wir?<\/a><\/p>\n\n\n\n<p>Wir freuen uns \u00fcber jeden Unterst\u00fctzer.<\/p>\n<\/div><\/details>\n\n\n\n<details class=\"wp-block-themeisle-blocks-accordion-item\"><summary class=\"wp-block-themeisle-blocks-accordion-item__title\"><div><strong>Gemeinsames Lernen<\/strong><\/div><\/summary><div class=\"wp-block-themeisle-blocks-accordion-item__content\">\n<p>GL- Angebote der Abteilung 1 und Abteilung 2<\/p>\n\n\n\n<p>Beratung \/ Lerncoaching\/ Nachteilsausgleiche<\/p>\n\n\n\n<p>Beratung ist Hilfe zur Selbsthilfe<\/p>\n\n\n\n<p>Durch eine Beratung m\u00f6chte ich Ihnen helfen, Ihre Situation selbst zu ver\u00e4ndern bzw. zu verbessern.<\/p>\n\n\n\n<p>Beratungsanl\u00e4sse k\u00f6nnen sein,<\/p>\n\n\n\n<p>\u00b7 wenn der Wunsch besteht, einen Nachteilsausgleich geltend zu erhalten,<\/p>\n\n\n\n<p>\u00b7 wenn der Wunsch besteht, eine LRS-Testung durchf\u00fchren zu lassen,<\/p>\n\n\n\n<p>\u00b7 wenn Sie mit Ihren schulischen Leistungen unzufrieden sind und Unterst\u00fctzung ben\u00f6tigen (z.B. Nachmittagsangebote, Lerncoaching usw.),<\/p>\n\n\n\n<p>\u00b7 wenn Sie Probleme mit Ihren Mitsch\u00fclern oder -sch\u00fclerinnen haben,<\/p>\n\n\n\n<p>\u00b7 wenn Sie etwas ver\u00e4ndern m\u00f6chten und dabei Rat und Unterst\u00fctzung suchen.<\/p>\n\n\n\n<p>Vereinbaren Sie einen individuellen Termin: Schreiben Sie einfach eine kurze Mail an k.nehls[at]osz-teltow.de oder k.paschke[at]osz-teltow.de und wir finden schnell einen ersten Termin. Die Beratung ist freiwillig und bleibt auf Wunsch vertraulich.<\/p>\n<\/div><\/details>\n\n\n\n<details class=\"wp-block-themeisle-blocks-accordion-item\"><summary class=\"wp-block-themeisle-blocks-accordion-item__title\"><div><strong>Projekt FRECh!<\/strong><\/div><\/summary><div class=\"wp-block-themeisle-blocks-accordion-item__content\">\n<p><em>Hinter&nbsp;<strong>\u201eFRECh!\u201c<\/strong>&nbsp;verbirgt sich ein Projekt gegen Ausbildungsabbruch und die Unterst\u00fctzung durch viele Akteure, um Auszubildende erfolgreich durch die Ausbildung zu begleiten.<\/em><\/p>\n\n\n\n<p><strong><em>Es gibt Hilfe zu:<\/em><\/strong><\/p>\n\n\n\n<p><em>Problemen in der Ausbildung<\/em><\/p>\n\n\n\n<p><em>Formularen und Vertr\u00e4gen<\/em><\/p>\n\n\n\n<p><em>Problemen mit Familie und\/oder Freunden<\/em><\/p>\n\n\n\n<p><em>gesundheitlichen Problemen<\/em><\/p>\n\n\n\n<p><em>Lernproblemen<\/em><\/p>\n\n\n\n<p><em>Diskriminierung<\/em><\/p>\n\n\n\n<p><em>Schulung von Azubibotschaftern und Projekte im \u00dcbergang Schule &#8211; Beruf&nbsp;<\/em><\/p>\n\n\n\n<p><em>FRECh! Ist zu erreichen unter:<\/em>&nbsp;Projektmanagement[at]potsdam-mittelmark.de<\/p>\n\n\n\n<p>OSZ Technik Teltow, Raum 0.18<\/p>\n<\/div><\/details>\n\n\n\n<details class=\"wp-block-themeisle-blocks-accordion-item\"><summary class=\"wp-block-themeisle-blocks-accordion-item__title\"><div><strong>Sozialarbeit<\/strong><\/div><\/summary><div class=\"wp-block-themeisle-blocks-accordion-item__content\">\n<p><strong>Schulsozialarbeit am OSZ Teltow<\/strong><\/p>\n\n\n\n<p>Die Schulsozialarbeit ist ein Angebot der Jugendsozialarbeit und richtet sich vor allem an Jugendliche und junge Erwachsene. Tr\u00e4ger der Schulsozialarbeit ist der Verein \u201eParagraph 13 e.V.\u201c <\/p>\n\n\n\n<figure class=\"wp-block-image size-full\"><img loading=\"lazy\" decoding=\"async\" width=\"901\" height=\"122\" src=\"https:\/\/osz-teltow.de\/wp-content\/uploads\/2025\/04\/logo-P13.png\" alt=\"\" class=\"wp-image-2416\" srcset=\"https:\/\/osz-teltow.de\/wp-content\/uploads\/2025\/04\/logo-P13.png 901w, https:\/\/osz-teltow.de\/wp-content\/uploads\/2025\/04\/logo-P13-300x41.png 300w, https:\/\/osz-teltow.de\/wp-content\/uploads\/2025\/04\/logo-P13-768x104.png 768w\" sizes=\"auto, (max-width: 901px) 100vw, 901px\" \/><\/figure>\n\n\n\n<p>( <a href=\"https:\/\/www.schulsozialarbeit-brandenburg.de\/\" target=\"_blank\" rel=\"noreferrer noopener\">https:\/\/www.schulsozialarbeit-brandenburg.de\/<\/a> ).<\/p>\n\n\n\n<figure class=\"wp-block-image size-full\"><img loading=\"lazy\" decoding=\"async\" width=\"600\" height=\"450\" src=\"https:\/\/osz-teltow.de\/wp-content\/uploads\/2025\/04\/martin_zaehle.jpg\" alt=\"\" class=\"wp-image-2415\" srcset=\"https:\/\/osz-teltow.de\/wp-content\/uploads\/2025\/04\/martin_zaehle.jpg 600w, https:\/\/osz-teltow.de\/wp-content\/uploads\/2025\/04\/martin_zaehle-300x225.jpg 300w\" sizes=\"auto, (max-width: 600px) 100vw, 600px\" \/><\/figure>\n\n\n\n<p>Unser Schulsozialarbeiter Martin Z\u00e4hle steht den Auszubildende als direkte Ansprechperson bei Fragen, Problemen und Krisen in allen Lebenslagen zur Verf\u00fcgung.<\/p>\n\n\n\n<p>Dar\u00fcber hinaus ber\u00e4t er auch Eltern oder das Schul- und Ausbildungspersonal bei Fragen, die im Zusammenhang mit den Auszubildenden stehen.<\/p>\n\n\n\n<p>Zum Angebot geh\u00f6ren:<\/p>\n\n\n\n<ul class=\"wp-block-list\">\n<li>Vertrauliche Gespr\u00e4che (Schweigepflicht)<\/li>\n\n\n\n<li>Beratung zu Themen des Alltags und der Ausbildung<\/li>\n\n\n\n<li>Berufsorientierung<\/li>\n\n\n\n<li>Unterst\u00fctzung im Umgang mit \u00c4mtern und Beh\u00f6rden<\/li>\n\n\n\n<li>Krisenhilfe<\/li>\n\n\n\n<li>Gruppenangebote<\/li>\n\n\n\n<li>Individuelles Coaching z.B. bei Pr\u00fcfungsangst, Redeangst oder inneren Widerst\u00e4nden<\/li>\n\n\n\n<li>Pausenangebot (Kicker, Fitness, Gesellschaftsspiele)<\/li>\n<\/ul>\n\n\n\n<p>Raum: 0.21<\/p>\n\n\n\n<p>E-Mail: schulsozialarbeit[at]osz-teltow.de<\/p>\n\n\n\n<p>Telefon: 0176\/1448 9020<\/p>\n\n\n\n<p>B\u00fcrozeiten:<\/p>\n\n\n\n<p>Mo, Di, Mi: 9:00 \u2013 14:00<\/p>\n\n\n\n<p>Do: 12:30 \u2013 14:00<\/p>\n\n\n\n<p>Fr: 09:00 \u2013 13:00<\/p>\n\n\n\n<p>Aufgrund au\u00dferschulischer Termine kann es hin und wieder zu abweichenden B\u00fcrozeiten kommen. Bitte Aush\u00e4nge beachten!<\/p>\n\n\n\n<p>Notfallhilfe bei psychischen oder sozialen Krisen:<\/p>\n\n\n\n<ul class=\"wp-block-list\">\n<li>Sozialpsychiatrischer Dienst Potsdam: 0331 289 2428<\/li>\n\n\n\n<li>Sozialpsychiatrischer Dienst Teltow: 03328 3181 -25 \/-28<\/li>\n<\/ul>\n\n\n\n<ul class=\"wp-block-list\">\n<li><a href=\"https:\/\/www.berliner-krisendienst.de\/\" target=\"_blank\" rel=\"noreferrer noopener\">https:\/\/www.berliner-krisendienst.de\/<\/a><\/li>\n\n\n\n<li>Telefonseelsorge: 0800\/1110111 oder 0800\/1110222<\/li>\n\n\n\n<li><a href=\"https:\/\/krisenchat.de\/\" target=\"_blank\" rel=\"noreferrer noopener\">https:\/\/krisenchat.de\/<\/a><\/li>\n<\/ul>\n<\/div><\/details>\n\n\n\n<details class=\"wp-block-themeisle-blocks-accordion-item\"><summary class=\"wp-block-themeisle-blocks-accordion-item__title\"><div><strong>Datenschutzbeauftragter<\/strong><\/div><\/summary><div class=\"wp-block-themeisle-blocks-accordion-item__content\">\n<p>Unser Datenschutzbeauftragter ist:<br>Torsten Leis<br>Tel.: 03381 397425<br>Torsten Leis<\/p>\n\n\n\n<p>torsten.leis[at]schulaemter.brandenburg.de<br><br>Postanschrift:<br>Magdeburger Stra\u00dfe 45<br>14770 Brandenburg an der Havel<\/p>\n<\/div><\/details>\n\n\n\n<details class=\"wp-block-themeisle-blocks-accordion-item\"><summary class=\"wp-block-themeisle-blocks-accordion-item__title\"><div><strong>Datenschutzerkl\u00e4rung<\/strong><\/div><\/summary><div class=\"wp-block-themeisle-blocks-accordion-item__content\">\n<p>Aktuelle Datenschutzerkl\u00e4rung des OSZ Technik Teltow zum Nachlesen:  <a href=\"https:\/\/osz-teltow.de\/wp-content\/uploads\/2025\/04\/Datenschutzerklaerung-des-OSZ-Teltow.pdf\" target=\"_blank\" rel=\"noreferrer noopener\"><strong>Dokument der Datenschutzerkl\u00e4rung<\/strong><\/a><\/p>\n\n\n\n<p>Die Nutzung unserer Seite ist ohne Angabe von personenbezogenen Daten m\u00f6glich. F\u00fcr die Nutzung einzelner Angebote unserer Seite k\u00f6nnen sich hierf\u00fcr abweichende Regelungen ergeben.<\/p>\n\n\n\n<p>Ihre personenbezogenen Daten, z.B. Name, Anschrift, E-Mail-Adresse, Telefonnummer, werden von uns nur gem\u00e4\u00df den Bestimmungen des deutschen und europ\u00e4ischen Datenschutzrechts verarbeitet.<\/p>\n\n\n\n<p>Um personenbezogene Daten handelt es sich bei Einzelangaben \u00fcber pers\u00f6nliche oder sachliche Verh\u00e4ltnisse, die eindeutig einer bestimmten nat\u00fcrlichen Person zugeordnet werden k\u00f6nnen. Die rechtlichen Grundlagen finden Sie in der EU-Datenschutz-Grundverordnung (EU-DSGVO), dem Bundesdatenschutzgesetz (BDSG), dem Landesdatenschutzgesetz Brandenburg und dem Telemediengesetz (TMG). Die folgenden Erkl\u00e4rungen informieren Sie \u00fcber Art, den Umfang und Zweck der Erhebung sowie die Nutzung und Verarbeitung von personenbezogenen Daten durch das Oberstufenzentrum Technik Teltow, vertreten durch die Schulleitung Nele Lang-Rehburg, Potsdamer Stra\u00dfe 4, 14513 Teltow, Telefon: 03328-35070, E-Mail: info[at]osz-teltow.de.<\/p>\n\n\n\n<p>Wir m\u00f6chten darauf hinweisen, dass die internetbasierte Daten\u00fcbertragung Sicherheitsl\u00fccken aufweisen kann. Ein l\u00fcckenloser Schutz vor Zugriffen durch Dritte kann nicht vollst\u00e4ndig ausgeschlossen werden.<\/p>\n\n\n\n<h6 class=\"wp-block-heading\">1. Speicherung von Serverdaten<\/h6>\n\n\n\n<p>Wir speichern aus technischen Gr\u00fcnden die folgenden Daten, die Ihr Internet-Browser an uns bzw. an unseren Webspace-Provider \u00fcbermittelt (so genannte Serverlogfiles):<br>Browsertyp und \u2013version, Verwendetes Betriebssystem,<\/p>\n\n\n\n<p> Webseite, von der Sie uns besuchen,<\/p>\n\n\n\n<p> Datum und Uhrzeit Ihres Besuchs Ihre IP-Adresse<\/p>\n\n\n\n<p>Diese anonymen Daten werden getrennt von Ihren eventuell angegeben personenbezogenen Daten gespeichert. Diese Informationen werden zu statistischen Zwecken ausgewertet, um unsere Internet-Pr\u00e4senz zu optimieren.<\/p>\n\n\n\n<h6 class=\"wp-block-heading\">2. Cookies<\/h6>\n\n\n\n<p>Auf unserer Homepage werden Cookies verwandt. Cookies sind kleine Textdateien, die Ihr Internet-Browser auf Ihrem Rechner speichert. Sie dienen dazu, unseren Internetauftritt und unsere Angebote zu optimieren. Die meisten dieser Cookies werden nach Ende Ihres Besuchs wieder gel\u00f6scht.<\/p>\n\n\n\n<h6 class=\"wp-block-heading\">3. Kontakt<\/h6>\n\n\n\n<p>Sie k\u00f6nnen sich mit uns \u00fcber unsere Seite per E-Mail und\/oder ein Kontaktformular in Verbindung setzen. In diesem Fall werden Ihre Angaben zum Zweck der Bearbeitung der Kontaktaufnahme gespeichert. Eine Weitergabe dieser Daten an Dritte erfolgt nicht. Ein Abgleich mit anderen Daten, die m\u00f6glicherweise an anderer Stelle auf unserer Homepage erhoben wurden, erfolgt ebenfalls nicht.<\/p>\n\n\n\n<h6 class=\"wp-block-heading\">4. Auskunft, Widerruf und L\u00f6schung<\/h6>\n\n\n\n<p>Sie erhalten jederzeit ohne Angabe von Gr\u00fcnden kostenfrei Auskunft \u00fcber Ihre bei uns gespeicherten Daten. Sie k\u00f6nnen jederzeit Ihre bei uns erhobenen Daten sperren, berichtigen oder l\u00f6schen lassen und der Datenerhebung und \u2013speicherung zu Optimierungszwecken unserer Webseite widersprechen. Auch k\u00f6nnen Sie jederzeit die uns erteilte Einwilligung zur Datenerhebung und Verwendung ohne Angaben von Gr\u00fcnden widerrufen. Wenden Sie sich hierzu bitte an die im Impressum angegebene Kontaktadresse. Wir stehen Ihnen jederzeit gern f\u00fcr weitergehende Fragen zur Verf\u00fcgung.<\/p>\n\n\n\n<h6 class=\"wp-block-heading\">5. Widerspruch Werbe-Mails<\/h6>\n\n\n\n<p>Die Nutzung der im Rahmen unserer Webseite ver\u00f6ffentlichten Kontaktdaten, wie Postanschriften, Telefon- und Faxnummern sowie E-Mail-Adressen, durch Dritte zur \u00dcbersendung von nicht ausdr\u00fccklich angeforderten Informationen ist nicht gestattet. Wir behalten uns rechtliche Schritte gegen die Versender von so genannten Spam-Mails bei Verst\u00f6\u00dfen gegen dieses Verbot ausdr\u00fccklich vor.<\/p>\n\n\n\n<p><\/p>\n<\/div><\/details>\n\n\n\n<details class=\"wp-block-themeisle-blocks-accordion-item\"><summary class=\"wp-block-themeisle-blocks-accordion-item__title\"><div><strong>YouT<\/strong><strong>ube-Kanal des OSZ<\/strong><\/div><\/summary><div class=\"wp-block-themeisle-blocks-accordion-item__content\">\n<p>Seit vielen Jahren betreibt das OSZ auch einen Youtube-Kanal.<\/p>\n\n\n\n<p>St\u00f6bern Sie einfach mal in den Beitr\u00e4gen&#8230;<\/p>\n\n\n\n<p><a href=\"https:\/\/www.youtube.com\/@oszteltow\">OSZ Teltow &#8211; YouTube<\/a><\/p>\n<\/div><\/details>\n<\/div>\n\n\n\n<p><\/p>\n","protected":false},"excerpt":{"rendered":"<p>\u00dcber uns Das OSZ Technik Teltow ist das berufliche Oberstufenzentrum des Landkreises Potsdam-Mittelmark im Bundesland Brandenburg. An zwei Standorten werden Auszubildende in 13 technischen Berufen bzw. Spezialisierungsrichtungen ausgebildet.<\/p>\n","protected":false},"author":1,"featured_media":0,"parent":0,"menu_order":0,"comment_status":"closed","ping_status":"closed","template":"template-no-title","meta":{"_themeisle_gutenberg_block_has_review":false,"footnotes":""},"class_list":["post-1714","page","type-page","status-publish","hentry"],"_links":{"self":[{"href":"https:\/\/osz-teltow.de\/index.php\/wp-json\/wp\/v2\/pages\/1714","targetHints":{"allow":["GET"]}}],"collection":[{"href":"https:\/\/osz-teltow.de\/index.php\/wp-json\/wp\/v2\/pages"}],"about":[{"href":"https:\/\/osz-teltow.de\/index.php\/wp-json\/wp\/v2\/types\/page"}],"author":[{"embeddable":true,"href":"https:\/\/osz-teltow.de\/index.php\/wp-json\/wp\/v2\/users\/1"}],"replies":[{"embeddable":true,"href":"https:\/\/osz-teltow.de\/index.php\/wp-json\/wp\/v2\/comments?post=1714"}],"version-history":[{"count":32,"href":"https:\/\/osz-teltow.de\/index.php\/wp-json\/wp\/v2\/pages\/1714\/revisions"}],"predecessor-version":[{"id":2649,"href":"https:\/\/osz-teltow.de\/index.php\/wp-json\/wp\/v2\/pages\/1714\/revisions\/2649"}],"wp:attachment":[{"href":"https:\/\/osz-teltow.de\/index.php\/wp-json\/wp\/v2\/media?parent=1714"}],"curies":[{"name":"wp","href":"https:\/\/api.w.org\/{rel}","templated":true}]}}