{"id":1709,"date":"2023-10-21T16:03:15","date_gmt":"2023-10-21T14:03:15","guid":{"rendered":"http:\/\/osz.filmbildung-brandenburg.de\/start\/?page_id=1709"},"modified":"2024-10-29T20:40:06","modified_gmt":"2024-10-29T19:40:06","slug":"bildungsangebote","status":"publish","type":"page","link":"https:\/\/osz-teltow.de\/index.php\/bildungsangebote\/","title":{"rendered":"Bildungsangebote"},"content":{"rendered":"\n<h3 class=\"wp-block-heading has-text-align-center\">Unsere Bildungsangebote<\/h3>\n\n\n\n<div style=\"height:72px\" aria-hidden=\"true\" class=\"wp-block-spacer\"><\/div>\n\n\n\n<div id=\"wp-block-themeisle-blocks-accordion-f7dadea5\" class=\"wp-block-themeisle-blocks-accordion exclusive\">\n<details class=\"wp-block-themeisle-blocks-accordion-item\"><summary class=\"wp-block-themeisle-blocks-accordion-item__title\"><div><strong>Elektroberufe<\/strong><\/div><\/summary><div class=\"wp-block-themeisle-blocks-accordion-item__content\">\n<ul class=\"wp-block-list\">\n<li><strong>Elektroniker\/in f\u00fcr Energie- und Geb\u00e4udetechnik<\/strong><\/li>\n<\/ul>\n\n\n\n<ul class=\"wp-block-list\">\n<li><strong>Informationselektroniker\/in<\/strong><\/li>\n<\/ul>\n\n\n\n<p>Die duale Ausbildung (Ausbildungsbetrieb und Berufsschule) wird in&nbsp; Industrie- und Handwerksbetrieben angeboten und dauert 3,5 Jahre.<\/p>\n\n\n\n<p>Die sogenannte &#8222;gestreckte&#8220; Pr\u00fcfung wird in zwei Phasen abgelegt, im 2. und im 4. Ausbildungsjahr.<\/p>\n\n\n\n<p>Bei Vorlage eines Abiturs oder sehr guten Leistungen kann die Ausbildung auf Antrag und in Absprache mit dem Ausbildungsbetrieb verk\u00fcrzt werden.<\/p>\n\n\n\n<div class=\"wp-block-buttons is-layout-flex wp-block-buttons-is-layout-flex\">\n<div class=\"wp-block-button\"><a class=\"wp-block-button__link wp-element-button\" href=\"http:\/\/osz-teltow.de\/elektro\/\">Mehr<\/a><\/div>\n<\/div>\n<\/div><\/details>\n\n\n\n<details class=\"wp-block-themeisle-blocks-accordion-item\"><summary class=\"wp-block-themeisle-blocks-accordion-item__title\"><div><strong>IT-Berufe<\/strong><\/div><\/summary><div class=\"wp-block-themeisle-blocks-accordion-item__content\">\n<ul class=\"wp-block-list\">\n<li><strong>Fachinformatiker\/in f\u00fcr Anwendungsentwicklung<\/strong><\/li>\n<\/ul>\n\n\n\n<ul class=\"wp-block-list\">\n<li><strong>Fachinformatiker\/in f\u00fcr Systemintegration<\/strong><\/li>\n<\/ul>\n\n\n\n<ul class=\"wp-block-list\">\n<li><strong>Fachinformatiker\/in f\u00fcr Daten- und Prozessanalyse<\/strong><\/li>\n<\/ul>\n\n\n\n<ul class=\"wp-block-list\">\n<li><strong>Fachinformatiker\/in f\u00fcr Digitale Vernetzung<\/strong><\/li>\n<\/ul>\n\n\n\n<ul class=\"wp-block-list\">\n<li><strong>Informations- und Telekommunikationssystem-Elektroniker\/in<\/strong><\/li>\n<\/ul>\n\n\n\n<p>Die 3-j\u00e4hrige duale Ausbildung (Ausbildungsbetrieb und Berufsschule) in Industrie und Handel schlie\u00dft am Ende des 3. Ausbildungsjahres mit einem eigenst\u00e4ndig geplanten Projekt, einer theoretischen Pr\u00fcfung sowie einem Fachgespr\u00e4ch vor der Pr\u00fcfungskommission der IHK ab.<\/p>\n\n\n\n<p>Bei Vorlage eines Abiturs oder sehr guten Leistungen kann die Ausbildung auf Antrag und in Absprache mit dem Ausbildungsbetrieb verk\u00fcrzt werden.<\/p>\n\n\n\n<div class=\"wp-block-buttons is-layout-flex wp-block-buttons-is-layout-flex\">\n<div class=\"wp-block-button\"><a class=\"wp-block-button__link wp-element-button\" href=\"http:\/\/osz-teltow.de\/it-2\">mehr<\/a><\/div>\n<\/div>\n<\/div><\/details>\n\n\n\n<details class=\"wp-block-themeisle-blocks-accordion-item\"><summary class=\"wp-block-themeisle-blocks-accordion-item__title\"><div><strong>Kfz-Berufe<\/strong><\/div><\/summary><div class=\"wp-block-themeisle-blocks-accordion-item__content\">\n<ul class=\"wp-block-list\">\n<li><strong>Kfz- Mechatroniker\/in Schwerpunkt Personenkraftwagentechnik<\/strong><\/li>\n<\/ul>\n\n\n\n<ul class=\"wp-block-list\">\n<li><strong>Kfz- Mechatroniker\/in Schwerpunkt Nutzfahrzeugtechnik<\/strong><\/li>\n<\/ul>\n\n\n\n<p>Die duale Ausbildung (Ausbildungsbetrieb und Berufsschule) wird in&nbsp; Industrie- und Handwerksbetrieben angeboten und dauert 3,5 Jahre.<\/p>\n\n\n\n<p>Die sogenannte gestreckte Pr\u00fcfung wird in zwei Phasen abgelegt, im 2. und im 4. Ausbildungsjahr.<\/p>\n\n\n\n<p>Bei Vorlage eines Abiturs oder sehr guten Leistungen kann die Ausbildung auf Antrag und in Absprache mit dem Ausbildungsbetrieb verk\u00fcrzt werden.<\/p>\n\n\n\n<div class=\"wp-block-buttons is-layout-flex wp-block-buttons-is-layout-flex\">\n<div class=\"wp-block-button\"><a class=\"wp-block-button__link wp-element-button\" href=\"http:\/\/osz-teltow.de\/kfz\/\">mehr<\/a><\/div>\n<\/div>\n<\/div><\/details>\n\n\n\n<details class=\"wp-block-themeisle-blocks-accordion-item\"><summary class=\"wp-block-themeisle-blocks-accordion-item__title\"><div><strong>Medienberufe<\/strong><\/div><\/summary><div class=\"wp-block-themeisle-blocks-accordion-item__content\">\n<ul class=\"wp-block-list\">\n<li><strong>Mediengestalter\/in Bild und Ton<\/strong><\/li>\n<\/ul>\n\n\n\n<p>Die 3-j\u00e4hrige duale Ausbildung zum\/r Mediengestalter\/in Bild und Ton schlie\u00dft am Ende des 3. Ausbildungsjahres mit einer theoretischen Pr\u00fcfung, einem Pr\u00fcfungsfilm sowie einem m\u00fcndlichen Fachgespr\u00e4ch vor der Pr\u00fcfungskommission der IHK ab.<\/p>\n\n\n\n<p><\/p>\n\n\n\n<ul class=\"wp-block-list\">\n<li><strong>Fachkraft f\u00fcr Veranstaltungstechnik<\/strong><\/li>\n<\/ul>\n\n\n\n<p>Die 3-j\u00e4hrige duale Ausbildung schlie\u00dft am Ende des 3. Ausbildungsjahres mit einer theoretischen Pr\u00fcfung, einem eigenst\u00e4ndig geplanten und durchgef\u00fchrten Veranstaltungsprojekt sowie einem m\u00fcndlichen Fachgespr\u00e4ch vor der Pr\u00fcfungskommission der IHK ab.<\/p>\n\n\n\n<p>Bei Vorlage eines Abiturs oder sehr guten Leistungen kann die Ausbildung auf Antrag und in Absprache mit dem Ausbildungsbetrieb verk\u00fcrzt werden.<\/p>\n\n\n\n<div class=\"wp-block-buttons is-layout-flex wp-block-buttons-is-layout-flex\">\n<div class=\"wp-block-button\"><a class=\"wp-block-button__link wp-element-button\" href=\"http:\/\/osz-teltow.de\/medien\/\">mehr<\/a><\/div>\n<\/div>\n<\/div><\/details>\n\n\n\n<details class=\"wp-block-themeisle-blocks-accordion-item\"><summary class=\"wp-block-themeisle-blocks-accordion-item__title\"><div><strong>SHK-Berufe<\/strong><\/div><\/summary><div class=\"wp-block-themeisle-blocks-accordion-item__content\">\n<ul class=\"wp-block-list\">\n<li><strong>Anlagenmechaniker\/innen f\u00fcr Sanit\u00e4r-, Heizungs- und Klimatechnik<\/strong><\/li>\n<\/ul>\n\n\n\n<p>Die duale Ausbildung (Ausbildungsbetrieb und Berufsschule) wird in&nbsp; Industrie- und Handwerksbetrieben angeboten und dauert 3,5 Jahre.<\/p>\n\n\n\n<p>Die sogenannte gestreckte Pr\u00fcfung wird in zwei Phasen abgelegt, im 2. und im 4. Ausbildungsjahr.<\/p>\n\n\n\n<p>Bei Vorlage eines Abiturs oder sehr guten Leistungen kann die Ausbildung auf Antrag und in Absprache mit dem Ausbildungsbetrieb verk\u00fcrzt werden.<\/p>\n\n\n\n<div class=\"wp-block-buttons is-layout-flex wp-block-buttons-is-layout-flex\">\n<div class=\"wp-block-button\"><a class=\"wp-block-button__link wp-element-button\" href=\"http:\/\/osz-teltow.de\/shk\/\">mehr<\/a><\/div>\n<\/div>\n<\/div><\/details>\n\n\n\n<details class=\"wp-block-themeisle-blocks-accordion-item\"><summary class=\"wp-block-themeisle-blocks-accordion-item__title\"><div><strong>Wasserbau<\/strong><\/div><\/summary><div class=\"wp-block-themeisle-blocks-accordion-item__content\">\n<ul class=\"wp-block-list\">\n<li><strong>Wasserbauer\/in<\/strong><\/li>\n<\/ul>\n\n\n\n<p>Die duale Ausbildung (Ausbildungsbetrieb und Berufsschule) dauert in der Regel 3 Jahre und unterliegt der Zust\u00e4ndigkeit des Bundesministeriums f\u00fcr Energie und Wirtschaft sowie der Industrie und Handwerkskammer. Der Beruf wird deutschlandweit nicht \u00fcberall angeboten. Aus diesem Grund wechseln mehrw\u00f6chige Berufsschulphasen mit Internatsunterbringung mit praktischer Arbeit im Ausbildungsbetrieb.&nbsp;<\/p>\n\n\n\n<p>Die Abschlusspr\u00fcfungen werden am Ende des 3. Ausbildungsjahres abgelegt.<\/p>\n\n\n\n<p>Bei Vorlage eines Abiturs oder sehr guten Leistungen kann die Ausbildung auf Antrag und in Absprache mit dem Ausbildungsbetrieb und der Berufsschule verk\u00fcrzt werden.<\/p>\n\n\n\n<div class=\"wp-block-buttons is-layout-flex wp-block-buttons-is-layout-flex\">\n<div class=\"wp-block-button\"><a class=\"wp-block-button__link wp-element-button\" href=\"http:\/\/osz-teltow.de\/wasserbau\/\">Mehr<\/a><\/div>\n<\/div>\n<\/div><\/details>\n<\/div>\n\n\n\n<p><\/p>\n","protected":false},"excerpt":{"rendered":"<p>Unsere Bildungsangebote<\/p>\n","protected":false},"author":1,"featured_media":0,"parent":0,"menu_order":0,"comment_status":"closed","ping_status":"closed","template":"template-no-title","meta":{"_themeisle_gutenberg_block_has_review":false,"footnotes":""},"class_list":["post-1709","page","type-page","status-publish","hentry"],"_links":{"self":[{"href":"https:\/\/osz-teltow.de\/index.php\/wp-json\/wp\/v2\/pages\/1709","targetHints":{"allow":["GET"]}}],"collection":[{"href":"https:\/\/osz-teltow.de\/index.php\/wp-json\/wp\/v2\/pages"}],"about":[{"href":"https:\/\/osz-teltow.de\/index.php\/wp-json\/wp\/v2\/types\/page"}],"author":[{"embeddable":true,"href":"https:\/\/osz-teltow.de\/index.php\/wp-json\/wp\/v2\/users\/1"}],"replies":[{"embeddable":true,"href":"https:\/\/osz-teltow.de\/index.php\/wp-json\/wp\/v2\/comments?post=1709"}],"version-history":[{"count":19,"href":"https:\/\/osz-teltow.de\/index.php\/wp-json\/wp\/v2\/pages\/1709\/revisions"}],"predecessor-version":[{"id":2172,"href":"https:\/\/osz-teltow.de\/index.php\/wp-json\/wp\/v2\/pages\/1709\/revisions\/2172"}],"wp:attachment":[{"href":"https:\/\/osz-teltow.de\/index.php\/wp-json\/wp\/v2\/media?parent=1709"}],"curies":[{"name":"wp","href":"https:\/\/api.w.org\/{rel}","templated":true}]}}